{"id":17124,"date":"2021-01-24T18:08:18","date_gmt":"2021-01-24T20:08:18","guid":{"rendered":"http:\/\/ecursos.treinaonline.com\/produto\/curso-de-introducao-ao-empreendedorismo-no-mundo-mobile\/"},"modified":"2021-01-24T18:08:18","modified_gmt":"2021-01-24T20:08:18","slug":"curso-de-introducao-ao-empreendedorismo-no-mundo-mobile","status":"publish","type":"product","link":"https:\/\/treina.online\/?product=curso-de-introducao-ao-empreendedorismo-no-mundo-mobile","title":{"rendered":"Curso de Introdu\u00e7\u00e3o ao Empreendedorismo no Mundo Mobile"},"content":{"rendered":"<p>Aborda Startup, Voc\u00ea est\u00e1 pronto para empreender?, O que eu fa\u00e7o com a id\u00e9ia agora?, Tudo certo para come\u00e7ar? Parte 1 e Tudo certo para come\u00e7ar? Parte 2.<\/p>\n<p>Sobre a carga hor\u00e1ria:<br \/>\nO curso possui 10 horas de carga hor\u00e1ria.<\/p>\n","protected":false},"excerpt":{"rendered":"<p>Aborda Startup, Voc\u00ea est\u00e1 pronto para empreender?, O que eu fa\u00e7o com a id\u00e9ia agora?, Tudo certo para come\u00e7ar? Parte 1 e Tudo certo para come\u00e7ar? Parte 2. Sobre a carga hor\u00e1ria: O curso possui 10 horas de carga hor\u00e1ria.<\/p>\n","protected":false},"featured_media":0,"comment_status":"open","ping_status":"closed","template":"","meta":[],"product_brand":[],"product_cat":[223],"product_tag":[],"class_list":{"0":"post-17124","1":"product","2":"type-product","3":"status-publish","5":"product_cat-gestao-e-lideranca","6":"post","8":"first","9":"instock","10":"virtual","11":"sold-individually","12":"product-type-simple"},"_links":{"self":[{"href":"https:\/\/treina.online\/index.php?rest_route=\/wp\/v2\/product\/17124","targetHints":{"allow":["GET"]}}],"collection":[{"href":"https:\/\/treina.online\/index.php?rest_route=\/wp\/v2\/product"}],"about":[{"href":"https:\/\/treina.online\/index.php?rest_route=\/wp\/v2\/types\/product"}],"replies":[{"embeddable":true,"href":"https:\/\/treina.online\/index.php?rest_route=%2Fwp%2Fv2%2Fcomments&post=17124"}],"version-history":[{"count":0,"href":"https:\/\/treina.online\/index.php?rest_route=\/wp\/v2\/product\/17124\/revisions"}],"wp:attachment":[{"href":"https:\/\/treina.online\/index.php?rest_route=%2Fwp%2Fv2%2Fmedia&parent=17124"}],"wp:term":[{"taxonomy":"product_brand","embeddable":true,"href":"https:\/\/treina.online\/index.php?rest_route=%2Fwp%2Fv2%2Fproduct_brand&post=17124"},{"taxonomy":"product_cat","embeddable":true,"href":"https:\/\/treina.online\/index.php?rest_route=%2Fwp%2Fv2%2Fproduct_cat&post=17124"},{"taxonomy":"product_tag","embeddable":true,"href":"https:\/\/treina.online\/index.php?rest_route=%2Fwp%2Fv2%2Fproduct_tag&post=17124"}],"curies":[{"name":"wp","href":"https:\/\/api.w.org\/{rel}","templated":true}]}}