{"id":17119,"date":"2021-01-24T18:08:08","date_gmt":"2021-01-24T20:08:08","guid":{"rendered":"http:\/\/ecursos.treinaonline.com\/produto\/curso-de-introducao-ao-direito-processual-penal\/"},"modified":"2021-01-24T18:08:08","modified_gmt":"2021-01-24T20:08:08","slug":"curso-de-introducao-ao-direito-processual-penal","status":"publish","type":"product","link":"https:\/\/treina.online\/?product=curso-de-introducao-ao-direito-processual-penal","title":{"rendered":"Curso de Introdu\u00e7\u00e3o ao Direito Processual Penal"},"content":{"rendered":"<p>Apresenta Introdu\u00e7\u00e3o, O poder punitivo, Sistemas processuais, Fun\u00e7\u00e3o do processo penal, Principio Devido Processo Legal, Princ\u00edpio da presun\u00e7\u00e3o de inoc\u00eancia, Princ\u00edpio do contradit\u00f3rio e da ampla defesa, Princ\u00edpio do juiz natural e Conceito e natureza jur\u00eddica.<\/p>\n<p>Sobre a carga hor\u00e1ria:<br \/>\nO curso possui 10 horas de carga hor\u00e1ria.<\/p>\n","protected":false},"excerpt":{"rendered":"<p>Apresenta Introdu\u00e7\u00e3o, O poder punitivo, Sistemas processuais, Fun\u00e7\u00e3o do processo penal, Principio Devido Processo Legal, Princ\u00edpio da presun\u00e7\u00e3o de inoc\u00eancia, Princ\u00edpio do contradit\u00f3rio e da ampla defesa, Princ\u00edpio do juiz natural e Conceito e natureza jur\u00eddica. Sobre a carga hor\u00e1ria: O curso possui 10 horas de carga hor\u00e1ria.<\/p>\n","protected":false},"featured_media":0,"comment_status":"open","ping_status":"closed","template":"","meta":[],"product_brand":[],"product_cat":[211],"product_tag":[],"class_list":{"0":"post-17119","1":"product","2":"type-product","3":"status-publish","5":"product_cat-direito","6":"post","8":"first","9":"instock","10":"virtual","11":"sold-individually","12":"product-type-simple"},"_links":{"self":[{"href":"https:\/\/treina.online\/index.php?rest_route=\/wp\/v2\/product\/17119","targetHints":{"allow":["GET"]}}],"collection":[{"href":"https:\/\/treina.online\/index.php?rest_route=\/wp\/v2\/product"}],"about":[{"href":"https:\/\/treina.online\/index.php?rest_route=\/wp\/v2\/types\/product"}],"replies":[{"embeddable":true,"href":"https:\/\/treina.online\/index.php?rest_route=%2Fwp%2Fv2%2Fcomments&post=17119"}],"version-history":[{"count":0,"href":"https:\/\/treina.online\/index.php?rest_route=\/wp\/v2\/product\/17119\/revisions"}],"wp:attachment":[{"href":"https:\/\/treina.online\/index.php?rest_route=%2Fwp%2Fv2%2Fmedia&parent=17119"}],"wp:term":[{"taxonomy":"product_brand","embeddable":true,"href":"https:\/\/treina.online\/index.php?rest_route=%2Fwp%2Fv2%2Fproduct_brand&post=17119"},{"taxonomy":"product_cat","embeddable":true,"href":"https:\/\/treina.online\/index.php?rest_route=%2Fwp%2Fv2%2Fproduct_cat&post=17119"},{"taxonomy":"product_tag","embeddable":true,"href":"https:\/\/treina.online\/index.php?rest_route=%2Fwp%2Fv2%2Fproduct_tag&post=17119"}],"curies":[{"name":"wp","href":"https:\/\/api.w.org\/{rel}","templated":true}]}}