{"id":17117,"date":"2021-01-24T18:08:06","date_gmt":"2021-01-24T20:08:06","guid":{"rendered":"http:\/\/ecursos.treinaonline.com\/produto\/curso-de-introducao-ao-direito-empresarial\/"},"modified":"2021-01-24T18:08:06","modified_gmt":"2021-01-24T20:08:06","slug":"curso-de-introducao-ao-direito-empresarial","status":"publish","type":"product","link":"https:\/\/treina.online\/?product=curso-de-introducao-ao-direito-empresarial","title":{"rendered":"Curso de Introdu\u00e7\u00e3o ao Direito Empresarial"},"content":{"rendered":"<p>Apresenta Introdu\u00e7\u00e3o ao direito empresarial, Empresa e empres\u00e1rio, caracteriza\u00e7\u00e3o e inscri\u00e7\u00e3o, Estabelecimento, clientela e aviamento, Nome empresarial, prepostos e escritura\u00e7\u00e3o, Capacidade para ser empres\u00e1rio, Microempreendedor Individual (MEI), Microempres\u00e1rio (ME) e Empresa de Pequeno Porte (EPP), Empresa Individual de Responsabilidade Limitada (EIRELI) e Empres\u00e1rio Rural.<\/p>\n<p>Sobre a carga hor\u00e1ria:<br \/>\nO curso possui 10 horas de carga hor\u00e1ria.<\/p>\n","protected":false},"excerpt":{"rendered":"<p>Apresenta Introdu\u00e7\u00e3o ao direito empresarial, Empresa e empres\u00e1rio, caracteriza\u00e7\u00e3o e inscri\u00e7\u00e3o, Estabelecimento, clientela e aviamento, Nome empresarial, prepostos e escritura\u00e7\u00e3o, Capacidade para ser empres\u00e1rio, Microempreendedor Individual (MEI), Microempres\u00e1rio (ME) e Empresa de Pequeno Porte (EPP), Empresa Individual de Responsabilidade Limitada (EIRELI) e Empres\u00e1rio Rural. Sobre a carga hor\u00e1ria: O curso possui 10 horas de carga hor\u00e1ria.<\/p>\n","protected":false},"featured_media":0,"comment_status":"open","ping_status":"closed","template":"","meta":[],"product_brand":[],"product_cat":[211],"product_tag":[],"class_list":{"0":"post-17117","1":"product","2":"type-product","3":"status-publish","5":"product_cat-direito","6":"post","8":"first","9":"instock","10":"virtual","11":"sold-individually","12":"product-type-simple"},"_links":{"self":[{"href":"https:\/\/treina.online\/index.php?rest_route=\/wp\/v2\/product\/17117","targetHints":{"allow":["GET"]}}],"collection":[{"href":"https:\/\/treina.online\/index.php?rest_route=\/wp\/v2\/product"}],"about":[{"href":"https:\/\/treina.online\/index.php?rest_route=\/wp\/v2\/types\/product"}],"replies":[{"embeddable":true,"href":"https:\/\/treina.online\/index.php?rest_route=%2Fwp%2Fv2%2Fcomments&post=17117"}],"version-history":[{"count":0,"href":"https:\/\/treina.online\/index.php?rest_route=\/wp\/v2\/product\/17117\/revisions"}],"wp:attachment":[{"href":"https:\/\/treina.online\/index.php?rest_route=%2Fwp%2Fv2%2Fmedia&parent=17117"}],"wp:term":[{"taxonomy":"product_brand","embeddable":true,"href":"https:\/\/treina.online\/index.php?rest_route=%2Fwp%2Fv2%2Fproduct_brand&post=17117"},{"taxonomy":"product_cat","embeddable":true,"href":"https:\/\/treina.online\/index.php?rest_route=%2Fwp%2Fv2%2Fproduct_cat&post=17117"},{"taxonomy":"product_tag","embeddable":true,"href":"https:\/\/treina.online\/index.php?rest_route=%2Fwp%2Fv2%2Fproduct_tag&post=17117"}],"curies":[{"name":"wp","href":"https:\/\/api.w.org\/{rel}","templated":true}]}}