{"id":17116,"date":"2021-01-24T18:08:04","date_gmt":"2021-01-24T20:08:04","guid":{"rendered":"http:\/\/ecursos.treinaonline.com\/produto\/curso-de-introducao-ao-direito-ambiental\/"},"modified":"2021-01-24T18:08:04","modified_gmt":"2021-01-24T20:08:04","slug":"curso-de-introducao-ao-direito-ambiental","status":"publish","type":"product","link":"https:\/\/treina.online\/?product=curso-de-introducao-ao-direito-ambiental","title":{"rendered":"Curso de Introdu\u00e7\u00e3o ao Direito Ambiental"},"content":{"rendered":"<p>Aborda Conceito de direito ambiental, Conceito de meio ambiente e rela\u00e7\u00e3o com outras ci\u00eancias, Prote\u00e7\u00e3o ambiental na constitui\u00e7\u00e3o de 1988 (art. 225) , Princ\u00edpios da preven\u00e7\u00e3o e\/ou da precau\u00e7\u00e3o, Princ\u00edpio da participa\u00e7\u00e3o ou coopera\u00e7\u00e3o, Princ\u00edpio da informa\u00e7\u00e3o,  Princ\u00edpio do usu\u00e1rio-pagador e do poluidor-pagador, Princ\u00edpio da fun\u00e7\u00e3o socioambiental da propriedade privada e Hierarquia das normas jur\u00eddicas.<\/p>\n<p>Sobre a carga hor\u00e1ria:<br \/>\nO curso possui 10 horas de carga hor\u00e1ria.<\/p>\n","protected":false},"excerpt":{"rendered":"<p>Aborda Conceito de direito ambiental, Conceito de meio ambiente e rela\u00e7\u00e3o com outras ci\u00eancias, Prote\u00e7\u00e3o ambiental na constitui\u00e7\u00e3o de 1988 (art. 225) , Princ\u00edpios da preven\u00e7\u00e3o e\/ou da precau\u00e7\u00e3o, Princ\u00edpio da participa\u00e7\u00e3o ou coopera\u00e7\u00e3o, Princ\u00edpio da informa\u00e7\u00e3o, Princ\u00edpio do usu\u00e1rio-pagador e do poluidor-pagador, Princ\u00edpio da fun\u00e7\u00e3o socioambiental da propriedade privada e Hierarquia das normas jur\u00eddicas. Sobre a carga hor\u00e1ria: O [&hellip;]<\/p>\n","protected":false},"featured_media":0,"comment_status":"open","ping_status":"closed","template":"","meta":[],"product_brand":[],"product_cat":[211],"product_tag":[],"class_list":{"0":"post-17116","1":"product","2":"type-product","3":"status-publish","5":"product_cat-direito","6":"post","8":"first","9":"instock","10":"virtual","11":"sold-individually","12":"product-type-simple"},"_links":{"self":[{"href":"https:\/\/treina.online\/index.php?rest_route=\/wp\/v2\/product\/17116","targetHints":{"allow":["GET"]}}],"collection":[{"href":"https:\/\/treina.online\/index.php?rest_route=\/wp\/v2\/product"}],"about":[{"href":"https:\/\/treina.online\/index.php?rest_route=\/wp\/v2\/types\/product"}],"replies":[{"embeddable":true,"href":"https:\/\/treina.online\/index.php?rest_route=%2Fwp%2Fv2%2Fcomments&post=17116"}],"version-history":[{"count":0,"href":"https:\/\/treina.online\/index.php?rest_route=\/wp\/v2\/product\/17116\/revisions"}],"wp:attachment":[{"href":"https:\/\/treina.online\/index.php?rest_route=%2Fwp%2Fv2%2Fmedia&parent=17116"}],"wp:term":[{"taxonomy":"product_brand","embeddable":true,"href":"https:\/\/treina.online\/index.php?rest_route=%2Fwp%2Fv2%2Fproduct_brand&post=17116"},{"taxonomy":"product_cat","embeddable":true,"href":"https:\/\/treina.online\/index.php?rest_route=%2Fwp%2Fv2%2Fproduct_cat&post=17116"},{"taxonomy":"product_tag","embeddable":true,"href":"https:\/\/treina.online\/index.php?rest_route=%2Fwp%2Fv2%2Fproduct_tag&post=17116"}],"curies":[{"name":"wp","href":"https:\/\/api.w.org\/{rel}","templated":true}]}}