{"id":17115,"date":"2021-01-24T18:08:03","date_gmt":"2021-01-24T20:08:03","guid":{"rendered":"http:\/\/ecursos.treinaonline.com\/produto\/curso-de-introducao-ao-diagnostico-de-virus\/"},"modified":"2021-01-24T18:08:03","modified_gmt":"2021-01-24T20:08:03","slug":"curso-de-introducao-ao-diagnostico-de-virus","status":"publish","type":"product","link":"https:\/\/treina.online\/?product=curso-de-introducao-ao-diagnostico-de-virus","title":{"rendered":"Curso de Introdu\u00e7\u00e3o ao Diagn\u00f3stico de v\u00edrus"},"content":{"rendered":"<p>Apresenta: Conceitos Gerais, Estrutura viral, Ciclo viral, Conceito de viremia, Resposta imune contra v\u00edrus , Resposta humoral contra v\u00edrus , Tipos de amostras , Formas de coleta  e Armazenamento e transporte .<\/p>\n<p>Sobre a carga hor\u00e1ria:<br \/>\nO curso possui 10 horas de carga hor\u00e1ria.<\/p>\n","protected":false},"excerpt":{"rendered":"<p>Apresenta: Conceitos Gerais, Estrutura viral, Ciclo viral, Conceito de viremia, Resposta imune contra v\u00edrus , Resposta humoral contra v\u00edrus , Tipos de amostras , Formas de coleta e Armazenamento e transporte . Sobre a carga hor\u00e1ria: O curso possui 10 horas de carga hor\u00e1ria.<\/p>\n","protected":false},"featured_media":0,"comment_status":"open","ping_status":"closed","template":"","meta":[],"product_brand":[],"product_cat":[204],"product_tag":[],"class_list":{"0":"post-17115","1":"product","2":"type-product","3":"status-publish","5":"product_cat-biomedicina","6":"post","8":"first","9":"instock","10":"virtual","11":"sold-individually","12":"product-type-simple"},"_links":{"self":[{"href":"https:\/\/treina.online\/index.php?rest_route=\/wp\/v2\/product\/17115","targetHints":{"allow":["GET"]}}],"collection":[{"href":"https:\/\/treina.online\/index.php?rest_route=\/wp\/v2\/product"}],"about":[{"href":"https:\/\/treina.online\/index.php?rest_route=\/wp\/v2\/types\/product"}],"replies":[{"embeddable":true,"href":"https:\/\/treina.online\/index.php?rest_route=%2Fwp%2Fv2%2Fcomments&post=17115"}],"version-history":[{"count":0,"href":"https:\/\/treina.online\/index.php?rest_route=\/wp\/v2\/product\/17115\/revisions"}],"wp:attachment":[{"href":"https:\/\/treina.online\/index.php?rest_route=%2Fwp%2Fv2%2Fmedia&parent=17115"}],"wp:term":[{"taxonomy":"product_brand","embeddable":true,"href":"https:\/\/treina.online\/index.php?rest_route=%2Fwp%2Fv2%2Fproduct_brand&post=17115"},{"taxonomy":"product_cat","embeddable":true,"href":"https:\/\/treina.online\/index.php?rest_route=%2Fwp%2Fv2%2Fproduct_cat&post=17115"},{"taxonomy":"product_tag","embeddable":true,"href":"https:\/\/treina.online\/index.php?rest_route=%2Fwp%2Fv2%2Fproduct_tag&post=17115"}],"curies":[{"name":"wp","href":"https:\/\/api.w.org\/{rel}","templated":true}]}}