{"id":17114,"date":"2021-01-24T18:08:02","date_gmt":"2021-01-24T20:08:02","guid":{"rendered":"http:\/\/ecursos.treinaonline.com\/produto\/curso-de-introducao-ao-designer-instrucional\/"},"modified":"2021-01-24T18:08:02","modified_gmt":"2021-01-24T20:08:02","slug":"curso-de-introducao-ao-designer-instrucional","status":"publish","type":"product","link":"https:\/\/treina.online\/?product=curso-de-introducao-ao-designer-instrucional","title":{"rendered":"Curso de Introdu\u00e7\u00e3o ao Designer Instrucional"},"content":{"rendered":"<p>Apresenta O que \u00e9 Design Instrucional?, Pr\u00e1tica do D.I., Fundamentos do Design Instrucional, Quem \u00e9 o Designer Instrucional?, Campos de atua\u00e7\u00e3o, Quem n\u00e3o \u00e9 o D.I.?, A Teoria do C\u00e9rebro Trino, Andragogia, Estilos de aprendizagem e Formul\u00e1rio.<\/p>\n<p>Sobre a carga hor\u00e1ria:<br \/>\nO curso possui 10 horas de carga hor\u00e1ria.<\/p>\n","protected":false},"excerpt":{"rendered":"<p>Apresenta O que \u00e9 Design Instrucional?, Pr\u00e1tica do D.I., Fundamentos do Design Instrucional, Quem \u00e9 o Designer Instrucional?, Campos de atua\u00e7\u00e3o, Quem n\u00e3o \u00e9 o D.I.?, A Teoria do C\u00e9rebro Trino, Andragogia, Estilos de aprendizagem e Formul\u00e1rio. Sobre a carga hor\u00e1ria: O curso possui 10 horas de carga hor\u00e1ria.<\/p>\n","protected":false},"featured_media":0,"comment_status":"open","ping_status":"closed","template":"","meta":[],"product_brand":[],"product_cat":[213],"product_tag":[],"class_list":{"0":"post-17114","1":"product","2":"type-product","3":"status-publish","5":"product_cat-educacao-e-pedagogia","6":"post","8":"first","9":"instock","10":"virtual","11":"sold-individually","12":"product-type-simple"},"_links":{"self":[{"href":"https:\/\/treina.online\/index.php?rest_route=\/wp\/v2\/product\/17114","targetHints":{"allow":["GET"]}}],"collection":[{"href":"https:\/\/treina.online\/index.php?rest_route=\/wp\/v2\/product"}],"about":[{"href":"https:\/\/treina.online\/index.php?rest_route=\/wp\/v2\/types\/product"}],"replies":[{"embeddable":true,"href":"https:\/\/treina.online\/index.php?rest_route=%2Fwp%2Fv2%2Fcomments&post=17114"}],"version-history":[{"count":0,"href":"https:\/\/treina.online\/index.php?rest_route=\/wp\/v2\/product\/17114\/revisions"}],"wp:attachment":[{"href":"https:\/\/treina.online\/index.php?rest_route=%2Fwp%2Fv2%2Fmedia&parent=17114"}],"wp:term":[{"taxonomy":"product_brand","embeddable":true,"href":"https:\/\/treina.online\/index.php?rest_route=%2Fwp%2Fv2%2Fproduct_brand&post=17114"},{"taxonomy":"product_cat","embeddable":true,"href":"https:\/\/treina.online\/index.php?rest_route=%2Fwp%2Fv2%2Fproduct_cat&post=17114"},{"taxonomy":"product_tag","embeddable":true,"href":"https:\/\/treina.online\/index.php?rest_route=%2Fwp%2Fv2%2Fproduct_tag&post=17114"}],"curies":[{"name":"wp","href":"https:\/\/api.w.org\/{rel}","templated":true}]}}