{"id":17107,"date":"2021-01-24T18:07:55","date_gmt":"2021-01-24T20:07:55","guid":{"rendered":"http:\/\/ecursos.treinaonline.com\/produto\/curso-de-introducao-ao-desenho-artistico\/"},"modified":"2021-01-24T18:07:55","modified_gmt":"2021-01-24T20:07:55","slug":"curso-de-introducao-ao-desenho-artistico","status":"publish","type":"product","link":"https:\/\/treina.online\/?product=curso-de-introducao-ao-desenho-artistico","title":{"rendered":"Curso de Introdu\u00e7\u00e3o ao Desenho Art\u00edstico"},"content":{"rendered":"<p>Apresenta O desenho art\u00edstico, Materiais b\u00e1sicos para as aulas, O tra\u00e7o, O conceito da forma, Formas planas regulares e irregulares, A forma e o desenho, As 3 dimens\u00f5es, A constru\u00e7\u00e3o tridimensional dos objetos, O volume e o desenho, As rela\u00e7\u00f5es entre os objetos, Escalas e medidas e A propor\u00e7\u00e3o e o desenho.<\/p>\n<p>Sobre a carga hor\u00e1ria:<br \/>\nO curso possui 10 horas de carga hor\u00e1ria.<\/p>\n","protected":false},"excerpt":{"rendered":"<p>Apresenta O desenho art\u00edstico, Materiais b\u00e1sicos para as aulas, O tra\u00e7o, O conceito da forma, Formas planas regulares e irregulares, A forma e o desenho, As 3 dimens\u00f5es, A constru\u00e7\u00e3o tridimensional dos objetos, O volume e o desenho, As rela\u00e7\u00f5es entre os objetos, Escalas e medidas e A propor\u00e7\u00e3o e o desenho. Sobre a carga hor\u00e1ria: O curso possui 10 [&hellip;]<\/p>\n","protected":false},"featured_media":0,"comment_status":"open","ping_status":"closed","template":"","meta":[],"product_brand":[],"product_cat":[201],"product_tag":[],"class_list":{"0":"post-17107","1":"product","2":"type-product","3":"status-publish","5":"product_cat-animacoes-e-design","6":"post","8":"first","9":"instock","10":"virtual","11":"sold-individually","12":"product-type-simple"},"_links":{"self":[{"href":"https:\/\/treina.online\/index.php?rest_route=\/wp\/v2\/product\/17107","targetHints":{"allow":["GET"]}}],"collection":[{"href":"https:\/\/treina.online\/index.php?rest_route=\/wp\/v2\/product"}],"about":[{"href":"https:\/\/treina.online\/index.php?rest_route=\/wp\/v2\/types\/product"}],"replies":[{"embeddable":true,"href":"https:\/\/treina.online\/index.php?rest_route=%2Fwp%2Fv2%2Fcomments&post=17107"}],"version-history":[{"count":0,"href":"https:\/\/treina.online\/index.php?rest_route=\/wp\/v2\/product\/17107\/revisions"}],"wp:attachment":[{"href":"https:\/\/treina.online\/index.php?rest_route=%2Fwp%2Fv2%2Fmedia&parent=17107"}],"wp:term":[{"taxonomy":"product_brand","embeddable":true,"href":"https:\/\/treina.online\/index.php?rest_route=%2Fwp%2Fv2%2Fproduct_brand&post=17107"},{"taxonomy":"product_cat","embeddable":true,"href":"https:\/\/treina.online\/index.php?rest_route=%2Fwp%2Fv2%2Fproduct_cat&post=17107"},{"taxonomy":"product_tag","embeddable":true,"href":"https:\/\/treina.online\/index.php?rest_route=%2Fwp%2Fv2%2Fproduct_tag&post=17107"}],"curies":[{"name":"wp","href":"https:\/\/api.w.org\/{rel}","templated":true}]}}