{"id":17105,"date":"2021-01-24T18:07:54","date_gmt":"2021-01-24T20:07:54","guid":{"rendered":"http:\/\/ecursos.treinaonline.com\/produto\/curso-de-introducao-ao-departamento-pessoal\/"},"modified":"2021-01-24T18:07:54","modified_gmt":"2021-01-24T20:07:54","slug":"curso-de-introducao-ao-departamento-pessoal","status":"publish","type":"product","link":"https:\/\/treina.online\/?product=curso-de-introducao-ao-departamento-pessoal","title":{"rendered":"Curso de Introdu\u00e7\u00e3o ao Departamento Pessoal"},"content":{"rendered":"<p>Apresenta Conceito de trabalho, Contratos de trabalho, Jornada de trabalho, Departamento Pessoal , Rela\u00e7\u00e3o sindical, Administra\u00e7\u00e3o de cargos e sal\u00e1rios, Encargos sociais, Benef\u00edcios sociais, Contribui\u00e7\u00e3o sindical, Processamento da folha de pagamento e C\u00e1lculo da folha.<\/p>\n<p>Sobre a carga hor\u00e1ria:<br \/>\nO curso possui 10 horas de carga hor\u00e1ria.<\/p>\n","protected":false},"excerpt":{"rendered":"<p>Apresenta Conceito de trabalho, Contratos de trabalho, Jornada de trabalho, Departamento Pessoal , Rela\u00e7\u00e3o sindical, Administra\u00e7\u00e3o de cargos e sal\u00e1rios, Encargos sociais, Benef\u00edcios sociais, Contribui\u00e7\u00e3o sindical, Processamento da folha de pagamento e C\u00e1lculo da folha. Sobre a carga hor\u00e1ria: O curso possui 10 horas de carga hor\u00e1ria.<\/p>\n","protected":false},"featured_media":0,"comment_status":"open","ping_status":"closed","template":"","meta":[],"product_brand":[],"product_cat":[236],"product_tag":[],"class_list":{"0":"post-17105","1":"product","2":"type-product","3":"status-publish","5":"product_cat-recursos-humanos","6":"post","8":"first","9":"instock","10":"virtual","11":"sold-individually","12":"product-type-simple"},"_links":{"self":[{"href":"https:\/\/treina.online\/index.php?rest_route=\/wp\/v2\/product\/17105","targetHints":{"allow":["GET"]}}],"collection":[{"href":"https:\/\/treina.online\/index.php?rest_route=\/wp\/v2\/product"}],"about":[{"href":"https:\/\/treina.online\/index.php?rest_route=\/wp\/v2\/types\/product"}],"replies":[{"embeddable":true,"href":"https:\/\/treina.online\/index.php?rest_route=%2Fwp%2Fv2%2Fcomments&post=17105"}],"version-history":[{"count":0,"href":"https:\/\/treina.online\/index.php?rest_route=\/wp\/v2\/product\/17105\/revisions"}],"wp:attachment":[{"href":"https:\/\/treina.online\/index.php?rest_route=%2Fwp%2Fv2%2Fmedia&parent=17105"}],"wp:term":[{"taxonomy":"product_brand","embeddable":true,"href":"https:\/\/treina.online\/index.php?rest_route=%2Fwp%2Fv2%2Fproduct_brand&post=17105"},{"taxonomy":"product_cat","embeddable":true,"href":"https:\/\/treina.online\/index.php?rest_route=%2Fwp%2Fv2%2Fproduct_cat&post=17105"},{"taxonomy":"product_tag","embeddable":true,"href":"https:\/\/treina.online\/index.php?rest_route=%2Fwp%2Fv2%2Fproduct_tag&post=17105"}],"curies":[{"name":"wp","href":"https:\/\/api.w.org\/{rel}","templated":true}]}}