{"id":17104,"date":"2021-01-24T18:07:52","date_gmt":"2021-01-24T20:07:52","guid":{"rendered":"http:\/\/ecursos.treinaonline.com\/produto\/curso-de-introducao-ao-croche-basico\/"},"modified":"2021-01-24T18:07:52","modified_gmt":"2021-01-24T20:07:52","slug":"curso-de-introducao-ao-croche-basico","status":"publish","type":"product","link":"https:\/\/treina.online\/?product=curso-de-introducao-ao-croche-basico","title":{"rendered":"Curso de Introdu\u00e7\u00e3o ao Croch\u00ea B\u00e1sico"},"content":{"rendered":"<p>Voc\u00ea aprende Tipos de agulhas, fios e identifica\u00e7\u00f5es de pontos de croch\u00ea , Pontos b\u00e1sicos, c\u00edrculo, aumento e diminui\u00e7\u00e3o, Confec\u00e7\u00e3o de uma mini bolsa com franjas e Confec\u00e7\u00e3o de gorro de croch\u00ea com pompom.<\/p>\n<p>Sobre a carga hor\u00e1ria:<br \/>\nO curso possui 5 horas de carga hor\u00e1ria.<\/p>\n","protected":false},"excerpt":{"rendered":"<p>Voc\u00ea aprende Tipos de agulhas, fios e identifica\u00e7\u00f5es de pontos de croch\u00ea , Pontos b\u00e1sicos, c\u00edrculo, aumento e diminui\u00e7\u00e3o, Confec\u00e7\u00e3o de uma mini bolsa com franjas e Confec\u00e7\u00e3o de gorro de croch\u00ea com pompom. Sobre a carga hor\u00e1ria: O curso possui 5 horas de carga hor\u00e1ria.<\/p>\n","protected":false},"featured_media":0,"comment_status":"open","ping_status":"closed","template":"","meta":[],"product_brand":[],"product_cat":[203],"product_tag":[],"class_list":{"0":"post-17104","1":"product","2":"type-product","3":"status-publish","5":"product_cat-artesanato","6":"post","8":"first","9":"instock","10":"virtual","11":"sold-individually","12":"product-type-simple"},"_links":{"self":[{"href":"https:\/\/treina.online\/index.php?rest_route=\/wp\/v2\/product\/17104","targetHints":{"allow":["GET"]}}],"collection":[{"href":"https:\/\/treina.online\/index.php?rest_route=\/wp\/v2\/product"}],"about":[{"href":"https:\/\/treina.online\/index.php?rest_route=\/wp\/v2\/types\/product"}],"replies":[{"embeddable":true,"href":"https:\/\/treina.online\/index.php?rest_route=%2Fwp%2Fv2%2Fcomments&post=17104"}],"version-history":[{"count":0,"href":"https:\/\/treina.online\/index.php?rest_route=\/wp\/v2\/product\/17104\/revisions"}],"wp:attachment":[{"href":"https:\/\/treina.online\/index.php?rest_route=%2Fwp%2Fv2%2Fmedia&parent=17104"}],"wp:term":[{"taxonomy":"product_brand","embeddable":true,"href":"https:\/\/treina.online\/index.php?rest_route=%2Fwp%2Fv2%2Fproduct_brand&post=17104"},{"taxonomy":"product_cat","embeddable":true,"href":"https:\/\/treina.online\/index.php?rest_route=%2Fwp%2Fv2%2Fproduct_cat&post=17104"},{"taxonomy":"product_tag","embeddable":true,"href":"https:\/\/treina.online\/index.php?rest_route=%2Fwp%2Fv2%2Fproduct_tag&post=17104"}],"curies":[{"name":"wp","href":"https:\/\/api.w.org\/{rel}","templated":true}]}}