{"id":17102,"date":"2021-01-24T18:07:50","date_gmt":"2021-01-24T20:07:50","guid":{"rendered":"http:\/\/ecursos.treinaonline.com\/produto\/curso-de-introducao-ao-coreldraw-x6\/"},"modified":"2021-01-24T18:07:50","modified_gmt":"2021-01-24T20:07:50","slug":"curso-de-introducao-ao-coreldraw-x6","status":"publish","type":"product","link":"https:\/\/treina.online\/?product=curso-de-introducao-ao-coreldraw-x6","title":{"rendered":"Curso de Introdu\u00e7\u00e3o ao CorelDRAW X6"},"content":{"rendered":"<p>Explica Introdu\u00e7\u00e3o ao curso de CorelDRAW X6, Iniciando o CorelDRAW X6, Trabalhando com Formas, As Ferramentas para Criar Formas, Ferramentas de Desenhos Livres, Preenchimento Inteligente e Desenhos Vetoriais, Trabalhando com a Sele\u00e7\u00e3o e Modifica\u00e7\u00f5es nos Objetos e As V\u00e1rias Formas de Organizar os Objetos.<\/p>\n<p>Sobre a carga hor\u00e1ria:<br \/>\nO curso possui 10 horas de carga hor\u00e1ria.<\/p>\n","protected":false},"excerpt":{"rendered":"<p>Explica Introdu\u00e7\u00e3o ao curso de CorelDRAW X6, Iniciando o CorelDRAW X6, Trabalhando com Formas, As Ferramentas para Criar Formas, Ferramentas de Desenhos Livres, Preenchimento Inteligente e Desenhos Vetoriais, Trabalhando com a Sele\u00e7\u00e3o e Modifica\u00e7\u00f5es nos Objetos e As V\u00e1rias Formas de Organizar os Objetos. Sobre a carga hor\u00e1ria: O curso possui 10 horas de carga hor\u00e1ria.<\/p>\n","protected":false},"featured_media":0,"comment_status":"open","ping_status":"closed","template":"","meta":[],"product_brand":[],"product_cat":[201],"product_tag":[],"class_list":{"0":"post-17102","1":"product","2":"type-product","3":"status-publish","5":"product_cat-animacoes-e-design","6":"post","8":"first","9":"instock","10":"virtual","11":"sold-individually","12":"product-type-simple"},"_links":{"self":[{"href":"https:\/\/treina.online\/index.php?rest_route=\/wp\/v2\/product\/17102","targetHints":{"allow":["GET"]}}],"collection":[{"href":"https:\/\/treina.online\/index.php?rest_route=\/wp\/v2\/product"}],"about":[{"href":"https:\/\/treina.online\/index.php?rest_route=\/wp\/v2\/types\/product"}],"replies":[{"embeddable":true,"href":"https:\/\/treina.online\/index.php?rest_route=%2Fwp%2Fv2%2Fcomments&post=17102"}],"version-history":[{"count":0,"href":"https:\/\/treina.online\/index.php?rest_route=\/wp\/v2\/product\/17102\/revisions"}],"wp:attachment":[{"href":"https:\/\/treina.online\/index.php?rest_route=%2Fwp%2Fv2%2Fmedia&parent=17102"}],"wp:term":[{"taxonomy":"product_brand","embeddable":true,"href":"https:\/\/treina.online\/index.php?rest_route=%2Fwp%2Fv2%2Fproduct_brand&post=17102"},{"taxonomy":"product_cat","embeddable":true,"href":"https:\/\/treina.online\/index.php?rest_route=%2Fwp%2Fv2%2Fproduct_cat&post=17102"},{"taxonomy":"product_tag","embeddable":true,"href":"https:\/\/treina.online\/index.php?rest_route=%2Fwp%2Fv2%2Fproduct_tag&post=17102"}],"curies":[{"name":"wp","href":"https:\/\/api.w.org\/{rel}","templated":true}]}}