{"id":17096,"date":"2021-01-24T18:07:37","date_gmt":"2021-01-24T20:07:37","guid":{"rendered":"http:\/\/ecursos.treinaonline.com\/produto\/curso-de-introducao-ao-cargo-de-operador-economico-autorizado\/"},"modified":"2021-01-24T18:07:37","modified_gmt":"2021-01-24T20:07:37","slug":"curso-de-introducao-ao-cargo-de-operador-economico-autorizado","status":"publish","type":"product","link":"https:\/\/treina.online\/?product=curso-de-introducao-ao-cargo-de-operador-economico-autorizado","title":{"rendered":"Curso de Introdu\u00e7\u00e3o ao Cargo de Operador Econ\u00f4mico Autorizado"},"content":{"rendered":"<p>Explica Conceito de aduana, Conceito de Operador Econ\u00f4mico Autorizado, OEA no mundo, ISPS CODE, Pontos do ISPS CODE, ISO 28.000, Estrutura e pilares e Risco.<\/p>\n<p>Sobre a carga hor\u00e1ria:<br \/>\nO curso possui 10 horas de carga hor\u00e1ria.<\/p>\n","protected":false},"excerpt":{"rendered":"<p>Explica Conceito de aduana, Conceito de Operador Econ\u00f4mico Autorizado, OEA no mundo, ISPS CODE, Pontos do ISPS CODE, ISO 28.000, Estrutura e pilares e Risco. Sobre a carga hor\u00e1ria: O curso possui 10 horas de carga hor\u00e1ria.<\/p>\n","protected":false},"featured_media":0,"comment_status":"open","ping_status":"closed","template":"","meta":[],"product_brand":[],"product_cat":[227],"product_tag":[],"class_list":{"0":"post-17096","1":"product","2":"type-product","3":"status-publish","5":"product_cat-logistica","6":"post","8":"first","9":"instock","10":"virtual","11":"sold-individually","12":"product-type-simple"},"_links":{"self":[{"href":"https:\/\/treina.online\/index.php?rest_route=\/wp\/v2\/product\/17096","targetHints":{"allow":["GET"]}}],"collection":[{"href":"https:\/\/treina.online\/index.php?rest_route=\/wp\/v2\/product"}],"about":[{"href":"https:\/\/treina.online\/index.php?rest_route=\/wp\/v2\/types\/product"}],"replies":[{"embeddable":true,"href":"https:\/\/treina.online\/index.php?rest_route=%2Fwp%2Fv2%2Fcomments&post=17096"}],"version-history":[{"count":0,"href":"https:\/\/treina.online\/index.php?rest_route=\/wp\/v2\/product\/17096\/revisions"}],"wp:attachment":[{"href":"https:\/\/treina.online\/index.php?rest_route=%2Fwp%2Fv2%2Fmedia&parent=17096"}],"wp:term":[{"taxonomy":"product_brand","embeddable":true,"href":"https:\/\/treina.online\/index.php?rest_route=%2Fwp%2Fv2%2Fproduct_brand&post=17096"},{"taxonomy":"product_cat","embeddable":true,"href":"https:\/\/treina.online\/index.php?rest_route=%2Fwp%2Fv2%2Fproduct_cat&post=17096"},{"taxonomy":"product_tag","embeddable":true,"href":"https:\/\/treina.online\/index.php?rest_route=%2Fwp%2Fv2%2Fproduct_tag&post=17096"}],"curies":[{"name":"wp","href":"https:\/\/api.w.org\/{rel}","templated":true}]}}