{"id":17094,"date":"2021-01-24T18:07:36","date_gmt":"2021-01-24T20:07:36","guid":{"rendered":"http:\/\/ecursos.treinaonline.com\/produto\/curso-de-introducao-ao-cargo-de-back-office\/"},"modified":"2021-01-24T18:07:36","modified_gmt":"2021-01-24T20:07:36","slug":"curso-de-introducao-ao-cargo-de-back-office","status":"publish","type":"product","link":"https:\/\/treina.online\/?product=curso-de-introducao-ao-cargo-de-back-office","title":{"rendered":"Curso de Introdu\u00e7\u00e3o ao Cargo de Back Office"},"content":{"rendered":"<p>Explica Conceito de Back Office, \u00c1rea de atua\u00e7\u00e3o, Perspectiva do cargo, Qual a diferen\u00e7a e como funciona: lideran\u00e7a, Perfil do profissional de Back Office, A import\u00e2ncia do profissional de Back Office, Agilidade, competitividade e suas ferramentas, Ferramentas para CRM, Workflow (fluxo de trabalho), Tarefas executadas na comunica\u00e7\u00e3o corporativa, A necessidade do acompanhamento de informa\u00e7\u00f5es e Adequar informa\u00e7\u00f5es na comunica\u00e7\u00e3o corporativa.<\/p>\n<p>Sobre a carga hor\u00e1ria:<br \/>\nO curso possui 10 horas de carga hor\u00e1ria.<\/p>\n","protected":false},"excerpt":{"rendered":"<p>Explica Conceito de Back Office, \u00c1rea de atua\u00e7\u00e3o, Perspectiva do cargo, Qual a diferen\u00e7a e como funciona: lideran\u00e7a, Perfil do profissional de Back Office, A import\u00e2ncia do profissional de Back Office, Agilidade, competitividade e suas ferramentas, Ferramentas para CRM, Workflow (fluxo de trabalho), Tarefas executadas na comunica\u00e7\u00e3o corporativa, A necessidade do acompanhamento de informa\u00e7\u00f5es e Adequar informa\u00e7\u00f5es na comunica\u00e7\u00e3o corporativa. [&hellip;]<\/p>\n","protected":false},"featured_media":0,"comment_status":"open","ping_status":"closed","template":"","meta":[],"product_brand":[],"product_cat":[199],"product_tag":[],"class_list":{"0":"post-17094","1":"product","2":"type-product","3":"status-publish","5":"product_cat-administracao","6":"post","8":"first","9":"instock","10":"virtual","11":"sold-individually","12":"product-type-simple"},"_links":{"self":[{"href":"https:\/\/treina.online\/index.php?rest_route=\/wp\/v2\/product\/17094","targetHints":{"allow":["GET"]}}],"collection":[{"href":"https:\/\/treina.online\/index.php?rest_route=\/wp\/v2\/product"}],"about":[{"href":"https:\/\/treina.online\/index.php?rest_route=\/wp\/v2\/types\/product"}],"replies":[{"embeddable":true,"href":"https:\/\/treina.online\/index.php?rest_route=%2Fwp%2Fv2%2Fcomments&post=17094"}],"version-history":[{"count":0,"href":"https:\/\/treina.online\/index.php?rest_route=\/wp\/v2\/product\/17094\/revisions"}],"wp:attachment":[{"href":"https:\/\/treina.online\/index.php?rest_route=%2Fwp%2Fv2%2Fmedia&parent=17094"}],"wp:term":[{"taxonomy":"product_brand","embeddable":true,"href":"https:\/\/treina.online\/index.php?rest_route=%2Fwp%2Fv2%2Fproduct_brand&post=17094"},{"taxonomy":"product_cat","embeddable":true,"href":"https:\/\/treina.online\/index.php?rest_route=%2Fwp%2Fv2%2Fproduct_cat&post=17094"},{"taxonomy":"product_tag","embeddable":true,"href":"https:\/\/treina.online\/index.php?rest_route=%2Fwp%2Fv2%2Fproduct_tag&post=17094"}],"curies":[{"name":"wp","href":"https:\/\/api.w.org\/{rel}","templated":true}]}}