{"id":17092,"date":"2021-01-24T18:07:34","date_gmt":"2021-01-24T20:07:34","guid":{"rendered":"http:\/\/ecursos.treinaonline.com\/produto\/curso-de-introducao-ao-canvas\/"},"modified":"2021-01-24T18:07:34","modified_gmt":"2021-01-24T20:07:34","slug":"curso-de-introducao-ao-canvas","status":"publish","type":"product","link":"https:\/\/treina.online\/?product=curso-de-introducao-ao-canvas","title":{"rendered":"Curso de Introdu\u00e7\u00e3o ao Canvas"},"content":{"rendered":"<p>Aborda os seguintes t\u00f3picps Apresentando o Canvas, O lado direito do quadro, O lado esquerdo do quadro, O que \u00e9 a proposta de valor?, O que a proposta de valor resolve?, O cliente ideal, Definindo o cliente ideal, Compreendendo o cliente ideal, Estabelecendo as rela\u00e7\u00f5es, As rela\u00e7\u00f5es e o marketing e As rela\u00e7\u00f5es definem como voc\u00ea vende.<\/p>\n<p>Sobre a carga hor\u00e1ria:<br \/>\nO curso possui 10 horas de carga hor\u00e1ria.<\/p>\n","protected":false},"excerpt":{"rendered":"<p>Aborda os seguintes t\u00f3picps Apresentando o Canvas, O lado direito do quadro, O lado esquerdo do quadro, O que \u00e9 a proposta de valor?, O que a proposta de valor resolve?, O cliente ideal, Definindo o cliente ideal, Compreendendo o cliente ideal, Estabelecendo as rela\u00e7\u00f5es, As rela\u00e7\u00f5es e o marketing e As rela\u00e7\u00f5es definem como voc\u00ea vende. Sobre a carga [&hellip;]<\/p>\n","protected":false},"featured_media":0,"comment_status":"open","ping_status":"closed","template":"","meta":[],"product_brand":[],"product_cat":[235],"product_tag":[],"class_list":{"0":"post-17092","1":"product","2":"type-product","3":"status-publish","5":"product_cat-publicidade-e-marketing","6":"post","8":"first","9":"instock","10":"virtual","11":"sold-individually","12":"product-type-simple"},"_links":{"self":[{"href":"https:\/\/treina.online\/index.php?rest_route=\/wp\/v2\/product\/17092","targetHints":{"allow":["GET"]}}],"collection":[{"href":"https:\/\/treina.online\/index.php?rest_route=\/wp\/v2\/product"}],"about":[{"href":"https:\/\/treina.online\/index.php?rest_route=\/wp\/v2\/types\/product"}],"replies":[{"embeddable":true,"href":"https:\/\/treina.online\/index.php?rest_route=%2Fwp%2Fv2%2Fcomments&post=17092"}],"version-history":[{"count":0,"href":"https:\/\/treina.online\/index.php?rest_route=\/wp\/v2\/product\/17092\/revisions"}],"wp:attachment":[{"href":"https:\/\/treina.online\/index.php?rest_route=%2Fwp%2Fv2%2Fmedia&parent=17092"}],"wp:term":[{"taxonomy":"product_brand","embeddable":true,"href":"https:\/\/treina.online\/index.php?rest_route=%2Fwp%2Fv2%2Fproduct_brand&post=17092"},{"taxonomy":"product_cat","embeddable":true,"href":"https:\/\/treina.online\/index.php?rest_route=%2Fwp%2Fv2%2Fproduct_cat&post=17092"},{"taxonomy":"product_tag","embeddable":true,"href":"https:\/\/treina.online\/index.php?rest_route=%2Fwp%2Fv2%2Fproduct_tag&post=17092"}],"curies":[{"name":"wp","href":"https:\/\/api.w.org\/{rel}","templated":true}]}}