{"id":17091,"date":"2021-01-24T18:07:34","date_gmt":"2021-01-24T20:07:34","guid":{"rendered":"http:\/\/ecursos.treinaonline.com\/produto\/curso-de-introducao-ao-bolo-3d\/"},"modified":"2021-01-24T18:07:34","modified_gmt":"2021-01-24T20:07:34","slug":"curso-de-introducao-ao-bolo-3d","status":"publish","type":"product","link":"https:\/\/treina.online\/?product=curso-de-introducao-ao-bolo-3d","title":{"rendered":"Curso de Introdu\u00e7\u00e3o ao Bolo 3D"},"content":{"rendered":"<p>Explica Conhecendo a Hist\u00f3ria e Procedimentos, Preparando a massa, argamassa e recheio, Cortar, Rechear e Prensar (Bolo barriga), Utilizando a Argamassa no Bolo Barriga e Utilizando a Pasta Americana no Bolo Barriga.<\/p>\n<p>Sobre a carga hor\u00e1ria:<br \/>\nO curso possui 5 horas de carga hor\u00e1ria.<\/p>\n","protected":false},"excerpt":{"rendered":"<p>Explica Conhecendo a Hist\u00f3ria e Procedimentos, Preparando a massa, argamassa e recheio, Cortar, Rechear e Prensar (Bolo barriga), Utilizando a Argamassa no Bolo Barriga e Utilizando a Pasta Americana no Bolo Barriga. Sobre a carga hor\u00e1ria: O curso possui 5 horas de carga hor\u00e1ria.<\/p>\n","protected":false},"featured_media":0,"comment_status":"open","ping_status":"closed","template":"","meta":[],"product_brand":[],"product_cat":[212],"product_tag":[],"class_list":{"0":"post-17091","1":"product","2":"type-product","3":"status-publish","5":"product_cat-doces-e-confeitaria","6":"post","8":"first","9":"instock","10":"virtual","11":"sold-individually","12":"product-type-simple"},"_links":{"self":[{"href":"https:\/\/treina.online\/index.php?rest_route=\/wp\/v2\/product\/17091","targetHints":{"allow":["GET"]}}],"collection":[{"href":"https:\/\/treina.online\/index.php?rest_route=\/wp\/v2\/product"}],"about":[{"href":"https:\/\/treina.online\/index.php?rest_route=\/wp\/v2\/types\/product"}],"replies":[{"embeddable":true,"href":"https:\/\/treina.online\/index.php?rest_route=%2Fwp%2Fv2%2Fcomments&post=17091"}],"version-history":[{"count":0,"href":"https:\/\/treina.online\/index.php?rest_route=\/wp\/v2\/product\/17091\/revisions"}],"wp:attachment":[{"href":"https:\/\/treina.online\/index.php?rest_route=%2Fwp%2Fv2%2Fmedia&parent=17091"}],"wp:term":[{"taxonomy":"product_brand","embeddable":true,"href":"https:\/\/treina.online\/index.php?rest_route=%2Fwp%2Fv2%2Fproduct_brand&post=17091"},{"taxonomy":"product_cat","embeddable":true,"href":"https:\/\/treina.online\/index.php?rest_route=%2Fwp%2Fv2%2Fproduct_cat&post=17091"},{"taxonomy":"product_tag","embeddable":true,"href":"https:\/\/treina.online\/index.php?rest_route=%2Fwp%2Fv2%2Fproduct_tag&post=17091"}],"curies":[{"name":"wp","href":"https:\/\/api.w.org\/{rel}","templated":true}]}}