{"id":17090,"date":"2021-01-24T18:07:33","date_gmt":"2021-01-24T20:07:33","guid":{"rendered":"http:\/\/ecursos.treinaonline.com\/produto\/curso-de-introducao-ao-benchmarking\/"},"modified":"2021-01-24T18:07:33","modified_gmt":"2021-01-24T20:07:33","slug":"curso-de-introducao-ao-benchmarking","status":"publish","type":"product","link":"https:\/\/treina.online\/?product=curso-de-introducao-ao-benchmarking","title":{"rendered":"Curso de Introdu\u00e7\u00e3o ao Benchmarking"},"content":{"rendered":"<p>Explica Conceitos b\u00e1sicos: A evolu\u00e7\u00e3o do conceito e seu desenvolvimento , Diferen\u00e7a entre Benchmarking e Benchmarketing, Principais diferen\u00e7as entre pesquisa de marketing e benchmarking, A Filosofia Benchmarking, Princ\u00edpios do Benchmarking, Aplica\u00e7\u00f5es e vantagens e Competitividade e qualidade .<\/p>\n<p>Sobre a carga hor\u00e1ria:<br \/>\nO curso possui 10 horas de carga hor\u00e1ria.<\/p>\n","protected":false},"excerpt":{"rendered":"<p>Explica Conceitos b\u00e1sicos: A evolu\u00e7\u00e3o do conceito e seu desenvolvimento , Diferen\u00e7a entre Benchmarking e Benchmarketing, Principais diferen\u00e7as entre pesquisa de marketing e benchmarking, A Filosofia Benchmarking, Princ\u00edpios do Benchmarking, Aplica\u00e7\u00f5es e vantagens e Competitividade e qualidade . Sobre a carga hor\u00e1ria: O curso possui 10 horas de carga hor\u00e1ria.<\/p>\n","protected":false},"featured_media":0,"comment_status":"open","ping_status":"closed","template":"","meta":[],"product_brand":[],"product_cat":[235],"product_tag":[],"class_list":{"0":"post-17090","1":"product","2":"type-product","3":"status-publish","5":"product_cat-publicidade-e-marketing","6":"post","8":"first","9":"instock","10":"virtual","11":"sold-individually","12":"product-type-simple"},"_links":{"self":[{"href":"https:\/\/treina.online\/index.php?rest_route=\/wp\/v2\/product\/17090","targetHints":{"allow":["GET"]}}],"collection":[{"href":"https:\/\/treina.online\/index.php?rest_route=\/wp\/v2\/product"}],"about":[{"href":"https:\/\/treina.online\/index.php?rest_route=\/wp\/v2\/types\/product"}],"replies":[{"embeddable":true,"href":"https:\/\/treina.online\/index.php?rest_route=%2Fwp%2Fv2%2Fcomments&post=17090"}],"version-history":[{"count":0,"href":"https:\/\/treina.online\/index.php?rest_route=\/wp\/v2\/product\/17090\/revisions"}],"wp:attachment":[{"href":"https:\/\/treina.online\/index.php?rest_route=%2Fwp%2Fv2%2Fmedia&parent=17090"}],"wp:term":[{"taxonomy":"product_brand","embeddable":true,"href":"https:\/\/treina.online\/index.php?rest_route=%2Fwp%2Fv2%2Fproduct_brand&post=17090"},{"taxonomy":"product_cat","embeddable":true,"href":"https:\/\/treina.online\/index.php?rest_route=%2Fwp%2Fv2%2Fproduct_cat&post=17090"},{"taxonomy":"product_tag","embeddable":true,"href":"https:\/\/treina.online\/index.php?rest_route=%2Fwp%2Fv2%2Fproduct_tag&post=17090"}],"curies":[{"name":"wp","href":"https:\/\/api.w.org\/{rel}","templated":true}]}}