{"id":17088,"date":"2021-01-24T18:07:31","date_gmt":"2021-01-24T20:07:31","guid":{"rendered":"http:\/\/ecursos.treinaonline.com\/produto\/curso-de-introducao-ao-autocad-2013\/"},"modified":"2021-01-24T18:07:31","modified_gmt":"2021-01-24T20:07:31","slug":"curso-de-introducao-ao-autocad-2013","status":"publish","type":"product","link":"https:\/\/treina.online\/?product=curso-de-introducao-ao-autocad-2013","title":{"rendered":"Curso de Introdu\u00e7\u00e3o ao AutoCAD 2013"},"content":{"rendered":"<p>Explica Introdu\u00e7\u00e3o ao AutoCAD 2013, Coordenadas e Layers, Linhas, C\u00edrculos e Elipses, Ret\u00e2ngulos com Chanfros e Arredondamentos e Pol\u00edgonos e Modos de Sele\u00e7\u00e3o.<\/p>\n<p>Sobre a carga hor\u00e1ria:<br \/>\nO curso possui 5 horas de carga hor\u00e1ria.<\/p>\n","protected":false},"excerpt":{"rendered":"<p>Explica Introdu\u00e7\u00e3o ao AutoCAD 2013, Coordenadas e Layers, Linhas, C\u00edrculos e Elipses, Ret\u00e2ngulos com Chanfros e Arredondamentos e Pol\u00edgonos e Modos de Sele\u00e7\u00e3o. Sobre a carga hor\u00e1ria: O curso possui 5 horas de carga hor\u00e1ria.<\/p>\n","protected":false},"featured_media":0,"comment_status":"open","ping_status":"closed","template":"","meta":[],"product_brand":[],"product_cat":[198],"product_tag":[],"class_list":{"0":"post-17088","1":"product","2":"type-product","3":"status-publish","5":"product_cat-3d-e-games","6":"post","8":"first","9":"instock","10":"virtual","11":"sold-individually","12":"product-type-simple"},"_links":{"self":[{"href":"https:\/\/treina.online\/index.php?rest_route=\/wp\/v2\/product\/17088","targetHints":{"allow":["GET"]}}],"collection":[{"href":"https:\/\/treina.online\/index.php?rest_route=\/wp\/v2\/product"}],"about":[{"href":"https:\/\/treina.online\/index.php?rest_route=\/wp\/v2\/types\/product"}],"replies":[{"embeddable":true,"href":"https:\/\/treina.online\/index.php?rest_route=%2Fwp%2Fv2%2Fcomments&post=17088"}],"version-history":[{"count":0,"href":"https:\/\/treina.online\/index.php?rest_route=\/wp\/v2\/product\/17088\/revisions"}],"wp:attachment":[{"href":"https:\/\/treina.online\/index.php?rest_route=%2Fwp%2Fv2%2Fmedia&parent=17088"}],"wp:term":[{"taxonomy":"product_brand","embeddable":true,"href":"https:\/\/treina.online\/index.php?rest_route=%2Fwp%2Fv2%2Fproduct_brand&post=17088"},{"taxonomy":"product_cat","embeddable":true,"href":"https:\/\/treina.online\/index.php?rest_route=%2Fwp%2Fv2%2Fproduct_cat&post=17088"},{"taxonomy":"product_tag","embeddable":true,"href":"https:\/\/treina.online\/index.php?rest_route=%2Fwp%2Fv2%2Fproduct_tag&post=17088"}],"curies":[{"name":"wp","href":"https:\/\/api.w.org\/{rel}","templated":true}]}}