{"id":17082,"date":"2021-01-24T18:07:27","date_gmt":"2021-01-24T20:07:27","guid":{"rendered":"http:\/\/ecursos.treinaonline.com\/produto\/curso-de-introducao-a-vigilancia-sanitaria\/"},"modified":"2021-01-24T18:07:27","modified_gmt":"2021-01-24T20:07:27","slug":"curso-de-introducao-a-vigilancia-sanitaria","status":"publish","type":"product","link":"https:\/\/treina.online\/?product=curso-de-introducao-a-vigilancia-sanitaria","title":{"rendered":"Curso de Introdu\u00e7\u00e3o \u00e0 Vigil\u00e2ncia Sanit\u00e1ria"},"content":{"rendered":"<p>Explica Abordagem inicial, A Vigil\u00e2ncia Sanit\u00e1ria, \u00c1rea de atua\u00e7\u00e3o, Legisla\u00e7\u00e3o b\u00e1sica, Termos t\u00e9cnicos em Vigil\u00e2ncia Sanit\u00e1ria e Sa\u00fade P\u00fablica, Aspectos pr\u00e1ticos, Etapas do licenciamento (LP, LI, LO), Organiza\u00e7\u00e3o de etapas, Roteiro de inspe\u00e7\u00e3o e Aplicabilidade das leis.<\/p>\n<p>Sobre a carga hor\u00e1ria:<br \/>\nO curso possui 10 horas de carga hor\u00e1ria.<\/p>\n","protected":false},"excerpt":{"rendered":"<p>Explica Abordagem inicial, A Vigil\u00e2ncia Sanit\u00e1ria, \u00c1rea de atua\u00e7\u00e3o, Legisla\u00e7\u00e3o b\u00e1sica, Termos t\u00e9cnicos em Vigil\u00e2ncia Sanit\u00e1ria e Sa\u00fade P\u00fablica, Aspectos pr\u00e1ticos, Etapas do licenciamento (LP, LI, LO), Organiza\u00e7\u00e3o de etapas, Roteiro de inspe\u00e7\u00e3o e Aplicabilidade das leis. Sobre a carga hor\u00e1ria: O curso possui 10 horas de carga hor\u00e1ria.<\/p>\n","protected":false},"featured_media":0,"comment_status":"open","ping_status":"closed","template":"","meta":[],"product_brand":[],"product_cat":[208],"product_tag":[],"class_list":{"0":"post-17082","1":"product","2":"type-product","3":"status-publish","5":"product_cat-culinaria-e-gastronomia","6":"post","8":"first","9":"instock","10":"virtual","11":"sold-individually","12":"product-type-simple"},"_links":{"self":[{"href":"https:\/\/treina.online\/index.php?rest_route=\/wp\/v2\/product\/17082","targetHints":{"allow":["GET"]}}],"collection":[{"href":"https:\/\/treina.online\/index.php?rest_route=\/wp\/v2\/product"}],"about":[{"href":"https:\/\/treina.online\/index.php?rest_route=\/wp\/v2\/types\/product"}],"replies":[{"embeddable":true,"href":"https:\/\/treina.online\/index.php?rest_route=%2Fwp%2Fv2%2Fcomments&post=17082"}],"version-history":[{"count":0,"href":"https:\/\/treina.online\/index.php?rest_route=\/wp\/v2\/product\/17082\/revisions"}],"wp:attachment":[{"href":"https:\/\/treina.online\/index.php?rest_route=%2Fwp%2Fv2%2Fmedia&parent=17082"}],"wp:term":[{"taxonomy":"product_brand","embeddable":true,"href":"https:\/\/treina.online\/index.php?rest_route=%2Fwp%2Fv2%2Fproduct_brand&post=17082"},{"taxonomy":"product_cat","embeddable":true,"href":"https:\/\/treina.online\/index.php?rest_route=%2Fwp%2Fv2%2Fproduct_cat&post=17082"},{"taxonomy":"product_tag","embeddable":true,"href":"https:\/\/treina.online\/index.php?rest_route=%2Fwp%2Fv2%2Fproduct_tag&post=17082"}],"curies":[{"name":"wp","href":"https:\/\/api.w.org\/{rel}","templated":true}]}}