{"id":17081,"date":"2021-01-24T18:07:26","date_gmt":"2021-01-24T20:07:26","guid":{"rendered":"http:\/\/ecursos.treinaonline.com\/produto\/curso-de-introducao-a-terapia-cognitivo-comportamental\/"},"modified":"2021-01-24T18:07:26","modified_gmt":"2021-01-24T20:07:26","slug":"curso-de-introducao-a-terapia-cognitivo-comportamental","status":"publish","type":"product","link":"https:\/\/treina.online\/?product=curso-de-introducao-a-terapia-cognitivo-comportamental","title":{"rendered":"Curso de Introdu\u00e7\u00e3o \u00e0 Terapia Cognitivo-Comportamental"},"content":{"rendered":"<p>Aborda O que \u00e9 TCC?, Por que escolher a TCC?, Caracter\u00edsticas da TCC, O que \u00e9 psicoterapia?, Modelo cognitivo de Beck, Tr\u00edade cognitiva, Cren\u00e7as centrais, Categorias das cren\u00e7as centrais, Cren\u00e7as subjacentes, Pensamento Autom\u00e1tico (PA), Emo\u00e7\u00f5es, Comportamento, Objetivos do tratamento e Formul\u00e1rio.<\/p>\n<p>Sobre a carga hor\u00e1ria:<br \/>\nO curso possui 10 horas de carga hor\u00e1ria.<\/p>\n","protected":false},"excerpt":{"rendered":"<p>Aborda O que \u00e9 TCC?, Por que escolher a TCC?, Caracter\u00edsticas da TCC, O que \u00e9 psicoterapia?, Modelo cognitivo de Beck, Tr\u00edade cognitiva, Cren\u00e7as centrais, Categorias das cren\u00e7as centrais, Cren\u00e7as subjacentes, Pensamento Autom\u00e1tico (PA), Emo\u00e7\u00f5es, Comportamento, Objetivos do tratamento e Formul\u00e1rio. Sobre a carga hor\u00e1ria: O curso possui 10 horas de carga hor\u00e1ria.<\/p>\n","protected":false},"featured_media":0,"comment_status":"open","ping_status":"closed","template":"","meta":[],"product_brand":[],"product_cat":[234],"product_tag":[],"class_list":{"0":"post-17081","1":"product","2":"type-product","3":"status-publish","5":"product_cat-psicologia","6":"post","8":"first","9":"instock","10":"virtual","11":"sold-individually","12":"product-type-simple"},"_links":{"self":[{"href":"https:\/\/treina.online\/index.php?rest_route=\/wp\/v2\/product\/17081","targetHints":{"allow":["GET"]}}],"collection":[{"href":"https:\/\/treina.online\/index.php?rest_route=\/wp\/v2\/product"}],"about":[{"href":"https:\/\/treina.online\/index.php?rest_route=\/wp\/v2\/types\/product"}],"replies":[{"embeddable":true,"href":"https:\/\/treina.online\/index.php?rest_route=%2Fwp%2Fv2%2Fcomments&post=17081"}],"version-history":[{"count":0,"href":"https:\/\/treina.online\/index.php?rest_route=\/wp\/v2\/product\/17081\/revisions"}],"wp:attachment":[{"href":"https:\/\/treina.online\/index.php?rest_route=%2Fwp%2Fv2%2Fmedia&parent=17081"}],"wp:term":[{"taxonomy":"product_brand","embeddable":true,"href":"https:\/\/treina.online\/index.php?rest_route=%2Fwp%2Fv2%2Fproduct_brand&post=17081"},{"taxonomy":"product_cat","embeddable":true,"href":"https:\/\/treina.online\/index.php?rest_route=%2Fwp%2Fv2%2Fproduct_cat&post=17081"},{"taxonomy":"product_tag","embeddable":true,"href":"https:\/\/treina.online\/index.php?rest_route=%2Fwp%2Fv2%2Fproduct_tag&post=17081"}],"curies":[{"name":"wp","href":"https:\/\/api.w.org\/{rel}","templated":true}]}}