{"id":17075,"date":"2021-01-24T18:07:12","date_gmt":"2021-01-24T20:07:12","guid":{"rendered":"http:\/\/ecursos.treinaonline.com\/produto\/curso-de-introducao-a-psicologia-social\/"},"modified":"2021-01-24T18:07:12","modified_gmt":"2021-01-24T20:07:12","slug":"curso-de-introducao-a-psicologia-social","status":"publish","type":"product","link":"https:\/\/treina.online\/?product=curso-de-introducao-a-psicologia-social","title":{"rendered":"Curso de Introdu\u00e7\u00e3o \u00e0 Psicologia Social"},"content":{"rendered":"<p>Aborda Introdu\u00e7\u00e3o e conceito, Teorias pedag\u00f3gicas e atua\u00e7\u00e3o social, Identidade e sintomas sociais, Multid\u00f5es e fen\u00f4menos coletivos, Termos e \u00e1reas correlatas, Comportamento e consumo, O Homem e sua Ess\u00eancia, Constru\u00e7\u00e3o da identidade, Individua\u00e7\u00e3o, Defini\u00e7\u00e3o de grupo, Identidade grupal e Din\u00e2mica dos pequenos grupos.<\/p>\n<p>Sobre a carga hor\u00e1ria:<br \/>\nO curso possui 10 horas de carga hor\u00e1ria.<\/p>\n","protected":false},"excerpt":{"rendered":"<p>Aborda Introdu\u00e7\u00e3o e conceito, Teorias pedag\u00f3gicas e atua\u00e7\u00e3o social, Identidade e sintomas sociais, Multid\u00f5es e fen\u00f4menos coletivos, Termos e \u00e1reas correlatas, Comportamento e consumo, O Homem e sua Ess\u00eancia, Constru\u00e7\u00e3o da identidade, Individua\u00e7\u00e3o, Defini\u00e7\u00e3o de grupo, Identidade grupal e Din\u00e2mica dos pequenos grupos. Sobre a carga hor\u00e1ria: O curso possui 10 horas de carga hor\u00e1ria.<\/p>\n","protected":false},"featured_media":0,"comment_status":"open","ping_status":"closed","template":"","meta":[],"product_brand":[],"product_cat":[234],"product_tag":[],"class_list":{"0":"post-17075","1":"product","2":"type-product","3":"status-publish","5":"product_cat-psicologia","6":"post","8":"first","9":"instock","10":"virtual","11":"sold-individually","12":"product-type-simple"},"_links":{"self":[{"href":"https:\/\/treina.online\/index.php?rest_route=\/wp\/v2\/product\/17075","targetHints":{"allow":["GET"]}}],"collection":[{"href":"https:\/\/treina.online\/index.php?rest_route=\/wp\/v2\/product"}],"about":[{"href":"https:\/\/treina.online\/index.php?rest_route=\/wp\/v2\/types\/product"}],"replies":[{"embeddable":true,"href":"https:\/\/treina.online\/index.php?rest_route=%2Fwp%2Fv2%2Fcomments&post=17075"}],"version-history":[{"count":0,"href":"https:\/\/treina.online\/index.php?rest_route=\/wp\/v2\/product\/17075\/revisions"}],"wp:attachment":[{"href":"https:\/\/treina.online\/index.php?rest_route=%2Fwp%2Fv2%2Fmedia&parent=17075"}],"wp:term":[{"taxonomy":"product_brand","embeddable":true,"href":"https:\/\/treina.online\/index.php?rest_route=%2Fwp%2Fv2%2Fproduct_brand&post=17075"},{"taxonomy":"product_cat","embeddable":true,"href":"https:\/\/treina.online\/index.php?rest_route=%2Fwp%2Fv2%2Fproduct_cat&post=17075"},{"taxonomy":"product_tag","embeddable":true,"href":"https:\/\/treina.online\/index.php?rest_route=%2Fwp%2Fv2%2Fproduct_tag&post=17075"}],"curies":[{"name":"wp","href":"https:\/\/api.w.org\/{rel}","templated":true}]}}