{"id":17073,"date":"2021-01-24T18:07:10","date_gmt":"2021-01-24T20:07:10","guid":{"rendered":"http:\/\/ecursos.treinaonline.com\/produto\/curso-de-introducao-a-psicologia-clinica-na-pratica\/"},"modified":"2021-01-24T18:07:10","modified_gmt":"2021-01-24T20:07:10","slug":"curso-de-introducao-a-psicologia-clinica-na-pratica","status":"publish","type":"product","link":"https:\/\/treina.online\/?product=curso-de-introducao-a-psicologia-clinica-na-pratica","title":{"rendered":"Curso de Introdu\u00e7\u00e3o \u00e0 Psicologia Cl\u00ednica na Pr\u00e1tica"},"content":{"rendered":"<p>Apresenta Psicologia Cl\u00ednica: defini\u00e7\u00e3o, introdu\u00e7\u00e3o e objetivos, Hist\u00f3ria da psicologia cl\u00ednica , Vertentes te\u00f3ricas da Psicologia Cl\u00ednica: Psican\u00e1lise e Vertentes te\u00f3ricas da Psico. Cl\u00ednica: psicologia Anal\u00edtica.<\/p>\n<p>Sobre a carga hor\u00e1ria:<br \/>\nO curso possui 5 horas de carga hor\u00e1ria.<\/p>\n","protected":false},"excerpt":{"rendered":"<p>Apresenta Psicologia Cl\u00ednica: defini\u00e7\u00e3o, introdu\u00e7\u00e3o e objetivos, Hist\u00f3ria da psicologia cl\u00ednica , Vertentes te\u00f3ricas da Psicologia Cl\u00ednica: Psican\u00e1lise e Vertentes te\u00f3ricas da Psico. Cl\u00ednica: psicologia Anal\u00edtica. Sobre a carga hor\u00e1ria: O curso possui 5 horas de carga hor\u00e1ria.<\/p>\n","protected":false},"featured_media":0,"comment_status":"open","ping_status":"closed","template":"","meta":[],"product_brand":[],"product_cat":[234],"product_tag":[],"class_list":{"0":"post-17073","1":"product","2":"type-product","3":"status-publish","5":"product_cat-psicologia","6":"post","8":"first","9":"instock","10":"virtual","11":"sold-individually","12":"product-type-simple"},"_links":{"self":[{"href":"https:\/\/treina.online\/index.php?rest_route=\/wp\/v2\/product\/17073","targetHints":{"allow":["GET"]}}],"collection":[{"href":"https:\/\/treina.online\/index.php?rest_route=\/wp\/v2\/product"}],"about":[{"href":"https:\/\/treina.online\/index.php?rest_route=\/wp\/v2\/types\/product"}],"replies":[{"embeddable":true,"href":"https:\/\/treina.online\/index.php?rest_route=%2Fwp%2Fv2%2Fcomments&post=17073"}],"version-history":[{"count":0,"href":"https:\/\/treina.online\/index.php?rest_route=\/wp\/v2\/product\/17073\/revisions"}],"wp:attachment":[{"href":"https:\/\/treina.online\/index.php?rest_route=%2Fwp%2Fv2%2Fmedia&parent=17073"}],"wp:term":[{"taxonomy":"product_brand","embeddable":true,"href":"https:\/\/treina.online\/index.php?rest_route=%2Fwp%2Fv2%2Fproduct_brand&post=17073"},{"taxonomy":"product_cat","embeddable":true,"href":"https:\/\/treina.online\/index.php?rest_route=%2Fwp%2Fv2%2Fproduct_cat&post=17073"},{"taxonomy":"product_tag","embeddable":true,"href":"https:\/\/treina.online\/index.php?rest_route=%2Fwp%2Fv2%2Fproduct_tag&post=17073"}],"curies":[{"name":"wp","href":"https:\/\/api.w.org\/{rel}","templated":true}]}}