{"id":17071,"date":"2021-01-24T18:07:08","date_gmt":"2021-01-24T20:07:08","guid":{"rendered":"http:\/\/ecursos.treinaonline.com\/produto\/curso-de-introducao-a-prevencao-a-fraudes\/"},"modified":"2021-01-24T18:07:08","modified_gmt":"2021-01-24T20:07:08","slug":"curso-de-introducao-a-prevencao-a-fraudes","status":"publish","type":"product","link":"https:\/\/treina.online\/?product=curso-de-introducao-a-prevencao-a-fraudes","title":{"rendered":"Curso de Introdu\u00e7\u00e3o \u00e0 Preven\u00e7\u00e3o a Fraudes"},"content":{"rendered":"<p>Apresenta Acontecimentos Recentes no Mundo , O que \u00e9 Fraude?, Tipos de Fraudes, Situa\u00e7\u00e3o Cadastral do CPF , 2\u00ba CPF, Ramos de Atividades Que S\u00e3o Considerados de Alto Risco, Como Entrevistar um Cliente, Perguntas Relacionadas e Dicas para Entrevistar o Cliente.<\/p>\n<p>Sobre a carga hor\u00e1ria:<br \/>\nO curso possui 10 horas de carga hor\u00e1ria.<\/p>\n","protected":false},"excerpt":{"rendered":"<p>Apresenta Acontecimentos Recentes no Mundo , O que \u00e9 Fraude?, Tipos de Fraudes, Situa\u00e7\u00e3o Cadastral do CPF , 2\u00ba CPF, Ramos de Atividades Que S\u00e3o Considerados de Alto Risco, Como Entrevistar um Cliente, Perguntas Relacionadas e Dicas para Entrevistar o Cliente. Sobre a carga hor\u00e1ria: O curso possui 10 horas de carga hor\u00e1ria.<\/p>\n","protected":false},"featured_media":0,"comment_status":"open","ping_status":"closed","template":"","meta":[],"product_brand":[],"product_cat":[220],"product_tag":[],"class_list":{"0":"post-17071","1":"product","2":"type-product","3":"status-publish","5":"product_cat-financas","6":"post","8":"first","9":"instock","10":"virtual","11":"sold-individually","12":"product-type-simple"},"_links":{"self":[{"href":"https:\/\/treina.online\/index.php?rest_route=\/wp\/v2\/product\/17071","targetHints":{"allow":["GET"]}}],"collection":[{"href":"https:\/\/treina.online\/index.php?rest_route=\/wp\/v2\/product"}],"about":[{"href":"https:\/\/treina.online\/index.php?rest_route=\/wp\/v2\/types\/product"}],"replies":[{"embeddable":true,"href":"https:\/\/treina.online\/index.php?rest_route=%2Fwp%2Fv2%2Fcomments&post=17071"}],"version-history":[{"count":0,"href":"https:\/\/treina.online\/index.php?rest_route=\/wp\/v2\/product\/17071\/revisions"}],"wp:attachment":[{"href":"https:\/\/treina.online\/index.php?rest_route=%2Fwp%2Fv2%2Fmedia&parent=17071"}],"wp:term":[{"taxonomy":"product_brand","embeddable":true,"href":"https:\/\/treina.online\/index.php?rest_route=%2Fwp%2Fv2%2Fproduct_brand&post=17071"},{"taxonomy":"product_cat","embeddable":true,"href":"https:\/\/treina.online\/index.php?rest_route=%2Fwp%2Fv2%2Fproduct_cat&post=17071"},{"taxonomy":"product_tag","embeddable":true,"href":"https:\/\/treina.online\/index.php?rest_route=%2Fwp%2Fv2%2Fproduct_tag&post=17071"}],"curies":[{"name":"wp","href":"https:\/\/api.w.org\/{rel}","templated":true}]}}