{"id":17070,"date":"2021-01-24T18:07:07","date_gmt":"2021-01-24T20:07:07","guid":{"rendered":"http:\/\/ecursos.treinaonline.com\/produto\/curso-de-introducao-a-pesquisa-de-clima-organizacional\/"},"modified":"2021-01-24T18:07:07","modified_gmt":"2021-01-24T20:07:07","slug":"curso-de-introducao-a-pesquisa-de-clima-organizacional","status":"publish","type":"product","link":"https:\/\/treina.online\/?product=curso-de-introducao-a-pesquisa-de-clima-organizacional","title":{"rendered":"Curso de Introdu\u00e7\u00e3o \u00e0 Pesquisa de Clima Organizacional"},"content":{"rendered":"<p>Aborda Introdu\u00e7\u00e3o ao Ambiente Organizacional , Mudan\u00e7as: Os Fatores que Influenciam as Organiza\u00e7\u00f5es, Mudan\u00e7as: Impactos Sobre os Colaboradores, O Conceito de Clima e Cultura Organizacional , Clima na Percep\u00e7\u00e3o dos Colaboradores, Clima e Cultura Organizacional, Desenvolvimento Organizacional, Programa de Desenvolvimento I, Programa de Desenvolvimento II e Caracter\u00edsticas dos Programas.<\/p>\n<p>Sobre a carga hor\u00e1ria:<br \/>\nO curso possui 10 horas de carga hor\u00e1ria.<\/p>\n","protected":false},"excerpt":{"rendered":"<p>Aborda Introdu\u00e7\u00e3o ao Ambiente Organizacional , Mudan\u00e7as: Os Fatores que Influenciam as Organiza\u00e7\u00f5es, Mudan\u00e7as: Impactos Sobre os Colaboradores, O Conceito de Clima e Cultura Organizacional , Clima na Percep\u00e7\u00e3o dos Colaboradores, Clima e Cultura Organizacional, Desenvolvimento Organizacional, Programa de Desenvolvimento I, Programa de Desenvolvimento II e Caracter\u00edsticas dos Programas. Sobre a carga hor\u00e1ria: O curso possui 10 horas de carga [&hellip;]<\/p>\n","protected":false},"featured_media":0,"comment_status":"open","ping_status":"closed","template":"","meta":[],"product_brand":[],"product_cat":[236],"product_tag":[],"class_list":{"0":"post-17070","1":"product","2":"type-product","3":"status-publish","5":"product_cat-recursos-humanos","6":"post","8":"first","9":"instock","10":"virtual","11":"sold-individually","12":"product-type-simple"},"_links":{"self":[{"href":"https:\/\/treina.online\/index.php?rest_route=\/wp\/v2\/product\/17070","targetHints":{"allow":["GET"]}}],"collection":[{"href":"https:\/\/treina.online\/index.php?rest_route=\/wp\/v2\/product"}],"about":[{"href":"https:\/\/treina.online\/index.php?rest_route=\/wp\/v2\/types\/product"}],"replies":[{"embeddable":true,"href":"https:\/\/treina.online\/index.php?rest_route=%2Fwp%2Fv2%2Fcomments&post=17070"}],"version-history":[{"count":0,"href":"https:\/\/treina.online\/index.php?rest_route=\/wp\/v2\/product\/17070\/revisions"}],"wp:attachment":[{"href":"https:\/\/treina.online\/index.php?rest_route=%2Fwp%2Fv2%2Fmedia&parent=17070"}],"wp:term":[{"taxonomy":"product_brand","embeddable":true,"href":"https:\/\/treina.online\/index.php?rest_route=%2Fwp%2Fv2%2Fproduct_brand&post=17070"},{"taxonomy":"product_cat","embeddable":true,"href":"https:\/\/treina.online\/index.php?rest_route=%2Fwp%2Fv2%2Fproduct_cat&post=17070"},{"taxonomy":"product_tag","embeddable":true,"href":"https:\/\/treina.online\/index.php?rest_route=%2Fwp%2Fv2%2Fproduct_tag&post=17070"}],"curies":[{"name":"wp","href":"https:\/\/api.w.org\/{rel}","templated":true}]}}