{"id":17068,"date":"2021-01-24T18:07:04","date_gmt":"2021-01-24T20:07:04","guid":{"rendered":"http:\/\/ecursos.treinaonline.com\/produto\/curso-de-introducao-a-organizacao-de-eventos\/"},"modified":"2021-01-24T18:07:04","modified_gmt":"2021-01-24T20:07:04","slug":"curso-de-introducao-a-organizacao-de-eventos","status":"publish","type":"product","link":"https:\/\/treina.online\/?product=curso-de-introducao-a-organizacao-de-eventos","title":{"rendered":"Curso de Introdu\u00e7\u00e3o \u00e0 Organiza\u00e7\u00e3o de Eventos"},"content":{"rendered":"<p>Explica Conceito de evento, Classifica\u00e7\u00e3o de eventos, Tipos de eventos, O que faz um profissional de eventos?, Como \u00e9 o mercado de eventos?, Como identificar oportunidades?, Habilidades e compet\u00eancias, Lideran\u00e7a em equipes, Projetos e processos em eventos, Pr\u00e9-evento, Transevento e P\u00f3s-evento.<\/p>\n<p>Sobre a carga hor\u00e1ria:<br \/>\nO curso possui 10 horas de carga hor\u00e1ria.<\/p>\n","protected":false},"excerpt":{"rendered":"<p>Explica Conceito de evento, Classifica\u00e7\u00e3o de eventos, Tipos de eventos, O que faz um profissional de eventos?, Como \u00e9 o mercado de eventos?, Como identificar oportunidades?, Habilidades e compet\u00eancias, Lideran\u00e7a em equipes, Projetos e processos em eventos, Pr\u00e9-evento, Transevento e P\u00f3s-evento. Sobre a carga hor\u00e1ria: O curso possui 10 horas de carga hor\u00e1ria.<\/p>\n","protected":false},"featured_media":0,"comment_status":"open","ping_status":"closed","template":"","meta":[],"product_brand":[],"product_cat":[218],"product_tag":[],"class_list":{"0":"post-17068","1":"product","2":"type-product","3":"status-publish","5":"product_cat-evento-turismo-e-hotelaria","6":"post","8":"first","9":"instock","10":"virtual","11":"sold-individually","12":"product-type-simple"},"_links":{"self":[{"href":"https:\/\/treina.online\/index.php?rest_route=\/wp\/v2\/product\/17068","targetHints":{"allow":["GET"]}}],"collection":[{"href":"https:\/\/treina.online\/index.php?rest_route=\/wp\/v2\/product"}],"about":[{"href":"https:\/\/treina.online\/index.php?rest_route=\/wp\/v2\/types\/product"}],"replies":[{"embeddable":true,"href":"https:\/\/treina.online\/index.php?rest_route=%2Fwp%2Fv2%2Fcomments&post=17068"}],"version-history":[{"count":0,"href":"https:\/\/treina.online\/index.php?rest_route=\/wp\/v2\/product\/17068\/revisions"}],"wp:attachment":[{"href":"https:\/\/treina.online\/index.php?rest_route=%2Fwp%2Fv2%2Fmedia&parent=17068"}],"wp:term":[{"taxonomy":"product_brand","embeddable":true,"href":"https:\/\/treina.online\/index.php?rest_route=%2Fwp%2Fv2%2Fproduct_brand&post=17068"},{"taxonomy":"product_cat","embeddable":true,"href":"https:\/\/treina.online\/index.php?rest_route=%2Fwp%2Fv2%2Fproduct_cat&post=17068"},{"taxonomy":"product_tag","embeddable":true,"href":"https:\/\/treina.online\/index.php?rest_route=%2Fwp%2Fv2%2Fproduct_tag&post=17068"}],"curies":[{"name":"wp","href":"https:\/\/api.w.org\/{rel}","templated":true}]}}