{"id":17059,"date":"2021-01-24T18:06:51","date_gmt":"2021-01-24T20:06:51","guid":{"rendered":"http:\/\/ecursos.treinaonline.com\/produto\/curso-de-introducao-a-logica-de-programacao\/"},"modified":"2021-01-24T18:06:51","modified_gmt":"2021-01-24T20:06:51","slug":"curso-de-introducao-a-logica-de-programacao","status":"publish","type":"product","link":"https:\/\/treina.online\/?product=curso-de-introducao-a-logica-de-programacao","title":{"rendered":"Curso de Introdu\u00e7\u00e3o \u00e0 L\u00f3gica de Programa\u00e7\u00e3o"},"content":{"rendered":"<p>Explica O que \u00e9 l\u00f3gica?, Compreendendo l\u00f3gica de programa\u00e7\u00e3o, Funcionamento dos computadores, Conceito e representa\u00e7\u00e3o de algoritmos, Tipos de algoritmos, Primeiros passos em programa\u00e7\u00e3o estruturada, Tipos de dados, Dados: vari\u00e1veis, Dados: constantes, Operadores aritm\u00e9ticos, Convers\u00e3o de express\u00f5es matem\u00e1ticas, Combinando algoritmos, vari\u00e1veis, constantes e express\u00f5es aritm\u00e9ticas e Ambientes de programa\u00e7\u00e3o e desenvolvimento.<\/p>\n<p>Sobre a carga hor\u00e1ria:<br \/>\nO curso possui 10 horas de carga hor\u00e1ria.<\/p>\n","protected":false},"excerpt":{"rendered":"<p>Explica O que \u00e9 l\u00f3gica?, Compreendendo l\u00f3gica de programa\u00e7\u00e3o, Funcionamento dos computadores, Conceito e representa\u00e7\u00e3o de algoritmos, Tipos de algoritmos, Primeiros passos em programa\u00e7\u00e3o estruturada, Tipos de dados, Dados: vari\u00e1veis, Dados: constantes, Operadores aritm\u00e9ticos, Convers\u00e3o de express\u00f5es matem\u00e1ticas, Combinando algoritmos, vari\u00e1veis, constantes e express\u00f5es aritm\u00e9ticas e Ambientes de programa\u00e7\u00e3o e desenvolvimento. Sobre a carga hor\u00e1ria: O curso possui 10 horas [&hellip;]<\/p>\n","protected":false},"featured_media":0,"comment_status":"open","ping_status":"closed","template":"","meta":[],"product_brand":[],"product_cat":[233],"product_tag":[],"class_list":{"0":"post-17059","1":"product","2":"type-product","3":"status-publish","5":"product_cat-programacao-e-desenvolvimento","6":"post","8":"first","9":"instock","10":"virtual","11":"sold-individually","12":"product-type-simple"},"_links":{"self":[{"href":"https:\/\/treina.online\/index.php?rest_route=\/wp\/v2\/product\/17059","targetHints":{"allow":["GET"]}}],"collection":[{"href":"https:\/\/treina.online\/index.php?rest_route=\/wp\/v2\/product"}],"about":[{"href":"https:\/\/treina.online\/index.php?rest_route=\/wp\/v2\/types\/product"}],"replies":[{"embeddable":true,"href":"https:\/\/treina.online\/index.php?rest_route=%2Fwp%2Fv2%2Fcomments&post=17059"}],"version-history":[{"count":0,"href":"https:\/\/treina.online\/index.php?rest_route=\/wp\/v2\/product\/17059\/revisions"}],"wp:attachment":[{"href":"https:\/\/treina.online\/index.php?rest_route=%2Fwp%2Fv2%2Fmedia&parent=17059"}],"wp:term":[{"taxonomy":"product_brand","embeddable":true,"href":"https:\/\/treina.online\/index.php?rest_route=%2Fwp%2Fv2%2Fproduct_brand&post=17059"},{"taxonomy":"product_cat","embeddable":true,"href":"https:\/\/treina.online\/index.php?rest_route=%2Fwp%2Fv2%2Fproduct_cat&post=17059"},{"taxonomy":"product_tag","embeddable":true,"href":"https:\/\/treina.online\/index.php?rest_route=%2Fwp%2Fv2%2Fproduct_tag&post=17059"}],"curies":[{"name":"wp","href":"https:\/\/api.w.org\/{rel}","templated":true}]}}