{"id":17058,"date":"2021-01-24T18:06:50","date_gmt":"2021-01-24T20:06:50","guid":{"rendered":"http:\/\/ecursos.treinaonline.com\/produto\/curso-de-introducao-a-lideranca\/"},"modified":"2021-01-24T18:06:50","modified_gmt":"2021-01-24T20:06:50","slug":"curso-de-introducao-a-lideranca","status":"publish","type":"product","link":"https:\/\/treina.online\/?product=curso-de-introducao-a-lideranca","title":{"rendered":"Curso de Introdu\u00e7\u00e3o \u00e0 Lideran\u00e7a"},"content":{"rendered":"<p>Voc\u00ea aprende: De onde vem a lideran\u00e7a, As bases da lideran\u00e7a, Foco da lideran\u00e7a, Tipos de carreira, Pipeline da lideran\u00e7a, Para que ter um l\u00edder? , Chefe ou l\u00edder?, Tipos de l\u00edderes, Modelos de lideran\u00e7a, Autoconhecimento e Compet\u00eancias e Comportamentos .<\/p>\n<p>Sobre a carga hor\u00e1ria:<br \/>\nO curso possui 10 horas de carga hor\u00e1ria.<\/p>\n","protected":false},"excerpt":{"rendered":"<p>Voc\u00ea aprende: De onde vem a lideran\u00e7a, As bases da lideran\u00e7a, Foco da lideran\u00e7a, Tipos de carreira, Pipeline da lideran\u00e7a, Para que ter um l\u00edder? , Chefe ou l\u00edder?, Tipos de l\u00edderes, Modelos de lideran\u00e7a, Autoconhecimento e Compet\u00eancias e Comportamentos . Sobre a carga hor\u00e1ria: O curso possui 10 horas de carga hor\u00e1ria.<\/p>\n","protected":false},"featured_media":0,"comment_status":"open","ping_status":"closed","template":"","meta":[],"product_brand":[],"product_cat":[223],"product_tag":[],"class_list":{"0":"post-17058","1":"product","2":"type-product","3":"status-publish","5":"product_cat-gestao-e-lideranca","6":"post","8":"first","9":"instock","10":"virtual","11":"sold-individually","12":"product-type-simple"},"_links":{"self":[{"href":"https:\/\/treina.online\/index.php?rest_route=\/wp\/v2\/product\/17058","targetHints":{"allow":["GET"]}}],"collection":[{"href":"https:\/\/treina.online\/index.php?rest_route=\/wp\/v2\/product"}],"about":[{"href":"https:\/\/treina.online\/index.php?rest_route=\/wp\/v2\/types\/product"}],"replies":[{"embeddable":true,"href":"https:\/\/treina.online\/index.php?rest_route=%2Fwp%2Fv2%2Fcomments&post=17058"}],"version-history":[{"count":0,"href":"https:\/\/treina.online\/index.php?rest_route=\/wp\/v2\/product\/17058\/revisions"}],"wp:attachment":[{"href":"https:\/\/treina.online\/index.php?rest_route=%2Fwp%2Fv2%2Fmedia&parent=17058"}],"wp:term":[{"taxonomy":"product_brand","embeddable":true,"href":"https:\/\/treina.online\/index.php?rest_route=%2Fwp%2Fv2%2Fproduct_brand&post=17058"},{"taxonomy":"product_cat","embeddable":true,"href":"https:\/\/treina.online\/index.php?rest_route=%2Fwp%2Fv2%2Fproduct_cat&post=17058"},{"taxonomy":"product_tag","embeddable":true,"href":"https:\/\/treina.online\/index.php?rest_route=%2Fwp%2Fv2%2Fproduct_tag&post=17058"}],"curies":[{"name":"wp","href":"https:\/\/api.w.org\/{rel}","templated":true}]}}