{"id":17053,"date":"2021-01-24T18:06:44","date_gmt":"2021-01-24T20:06:44","guid":{"rendered":"http:\/\/ecursos.treinaonline.com\/produto\/curso-de-introducao-a-gestao-do-tempo\/"},"modified":"2021-01-24T18:06:44","modified_gmt":"2021-01-24T20:06:44","slug":"curso-de-introducao-a-gestao-do-tempo","status":"publish","type":"product","link":"https:\/\/treina.online\/?product=curso-de-introducao-a-gestao-do-tempo","title":{"rendered":"Curso de Introdu\u00e7\u00e3o \u00e0 Gest\u00e3o do Tempo"},"content":{"rendered":"<p>Ensina O que \u00e9 o tempo?, Como entendemos o tempo, A import\u00e2ncia da gest\u00e3o do tempo, Tempo e qualidade de vida, Redu\u00e7\u00e3o do estresse, Por que planejar o tempo?, Planejando o tempo e Urg\u00eancia e import\u00e2ncia.<\/p>\n<p>Sobre a carga hor\u00e1ria:<br \/>\nO curso possui 10 horas de carga hor\u00e1ria.<\/p>\n","protected":false},"excerpt":{"rendered":"<p>Ensina O que \u00e9 o tempo?, Como entendemos o tempo, A import\u00e2ncia da gest\u00e3o do tempo, Tempo e qualidade de vida, Redu\u00e7\u00e3o do estresse, Por que planejar o tempo?, Planejando o tempo e Urg\u00eancia e import\u00e2ncia. Sobre a carga hor\u00e1ria: O curso possui 10 horas de carga hor\u00e1ria.<\/p>\n","protected":false},"featured_media":0,"comment_status":"open","ping_status":"closed","template":"","meta":[],"product_brand":[],"product_cat":[199],"product_tag":[],"class_list":{"0":"post-17053","1":"product","2":"type-product","3":"status-publish","5":"product_cat-administracao","6":"post","8":"first","9":"instock","10":"virtual","11":"sold-individually","12":"product-type-simple"},"_links":{"self":[{"href":"https:\/\/treina.online\/index.php?rest_route=\/wp\/v2\/product\/17053","targetHints":{"allow":["GET"]}}],"collection":[{"href":"https:\/\/treina.online\/index.php?rest_route=\/wp\/v2\/product"}],"about":[{"href":"https:\/\/treina.online\/index.php?rest_route=\/wp\/v2\/types\/product"}],"replies":[{"embeddable":true,"href":"https:\/\/treina.online\/index.php?rest_route=%2Fwp%2Fv2%2Fcomments&post=17053"}],"version-history":[{"count":0,"href":"https:\/\/treina.online\/index.php?rest_route=\/wp\/v2\/product\/17053\/revisions"}],"wp:attachment":[{"href":"https:\/\/treina.online\/index.php?rest_route=%2Fwp%2Fv2%2Fmedia&parent=17053"}],"wp:term":[{"taxonomy":"product_brand","embeddable":true,"href":"https:\/\/treina.online\/index.php?rest_route=%2Fwp%2Fv2%2Fproduct_brand&post=17053"},{"taxonomy":"product_cat","embeddable":true,"href":"https:\/\/treina.online\/index.php?rest_route=%2Fwp%2Fv2%2Fproduct_cat&post=17053"},{"taxonomy":"product_tag","embeddable":true,"href":"https:\/\/treina.online\/index.php?rest_route=%2Fwp%2Fv2%2Fproduct_tag&post=17053"}],"curies":[{"name":"wp","href":"https:\/\/api.w.org\/{rel}","templated":true}]}}