{"id":17047,"date":"2021-01-24T18:06:37","date_gmt":"2021-01-24T20:06:37","guid":{"rendered":"http:\/\/ecursos.treinaonline.com\/produto\/curso-de-introducao-a-gestao-de-conflitos\/"},"modified":"2021-01-24T18:06:37","modified_gmt":"2021-01-24T20:06:37","slug":"curso-de-introducao-a-gestao-de-conflitos","status":"publish","type":"product","link":"https:\/\/treina.online\/?product=curso-de-introducao-a-gestao-de-conflitos","title":{"rendered":"Curso de Introdu\u00e7\u00e3o \u00e0 Gest\u00e3o de Conflitos"},"content":{"rendered":"<p>Aborda Introdu\u00e7\u00e3o \u00e0 Gest\u00e3o de Conflitos, Os conflitos nas organiza\u00e7\u00f5es, Conceito e defini\u00e7\u00e3o dos conflitos, Implica\u00e7\u00f5es dos conflitos no clima organizacional, As interfer\u00eancias causadas na produtividade das empresas, Consequ\u00eancias nas organiza\u00e7\u00f5es, As caracter\u00edsticas pessoais nos conflitos e Motivos que geram conflitos.<\/p>\n<p>Sobre a carga hor\u00e1ria:<br \/>\nO curso possui 10 horas de carga hor\u00e1ria.<\/p>\n","protected":false},"excerpt":{"rendered":"<p>Aborda Introdu\u00e7\u00e3o \u00e0 Gest\u00e3o de Conflitos, Os conflitos nas organiza\u00e7\u00f5es, Conceito e defini\u00e7\u00e3o dos conflitos, Implica\u00e7\u00f5es dos conflitos no clima organizacional, As interfer\u00eancias causadas na produtividade das empresas, Consequ\u00eancias nas organiza\u00e7\u00f5es, As caracter\u00edsticas pessoais nos conflitos e Motivos que geram conflitos. Sobre a carga hor\u00e1ria: O curso possui 10 horas de carga hor\u00e1ria.<\/p>\n","protected":false},"featured_media":0,"comment_status":"open","ping_status":"closed","template":"","meta":[],"product_brand":[],"product_cat":[223],"product_tag":[],"class_list":{"0":"post-17047","1":"product","2":"type-product","3":"status-publish","5":"product_cat-gestao-e-lideranca","6":"post","8":"first","9":"instock","10":"virtual","11":"sold-individually","12":"product-type-simple"},"_links":{"self":[{"href":"https:\/\/treina.online\/index.php?rest_route=\/wp\/v2\/product\/17047","targetHints":{"allow":["GET"]}}],"collection":[{"href":"https:\/\/treina.online\/index.php?rest_route=\/wp\/v2\/product"}],"about":[{"href":"https:\/\/treina.online\/index.php?rest_route=\/wp\/v2\/types\/product"}],"replies":[{"embeddable":true,"href":"https:\/\/treina.online\/index.php?rest_route=%2Fwp%2Fv2%2Fcomments&post=17047"}],"version-history":[{"count":0,"href":"https:\/\/treina.online\/index.php?rest_route=\/wp\/v2\/product\/17047\/revisions"}],"wp:attachment":[{"href":"https:\/\/treina.online\/index.php?rest_route=%2Fwp%2Fv2%2Fmedia&parent=17047"}],"wp:term":[{"taxonomy":"product_brand","embeddable":true,"href":"https:\/\/treina.online\/index.php?rest_route=%2Fwp%2Fv2%2Fproduct_brand&post=17047"},{"taxonomy":"product_cat","embeddable":true,"href":"https:\/\/treina.online\/index.php?rest_route=%2Fwp%2Fv2%2Fproduct_cat&post=17047"},{"taxonomy":"product_tag","embeddable":true,"href":"https:\/\/treina.online\/index.php?rest_route=%2Fwp%2Fv2%2Fproduct_tag&post=17047"}],"curies":[{"name":"wp","href":"https:\/\/api.w.org\/{rel}","templated":true}]}}