{"id":17045,"date":"2021-01-24T18:06:35","date_gmt":"2021-01-24T20:06:35","guid":{"rendered":"http:\/\/ecursos.treinaonline.com\/produto\/curso-de-introducao-a-gestao-de-cargos-e-salarios\/"},"modified":"2021-01-24T18:06:35","modified_gmt":"2021-01-24T20:06:35","slug":"curso-de-introducao-a-gestao-de-cargos-e-salarios","status":"publish","type":"product","link":"https:\/\/treina.online\/?product=curso-de-introducao-a-gestao-de-cargos-e-salarios","title":{"rendered":"Curso de Introdu\u00e7\u00e3o \u00e0 Gest\u00e3o de Cargos e Sal\u00e1rios"},"content":{"rendered":"<p>Ensina: A import\u00e2ncia de um Plano de Cargos e Sal\u00e1rios, Necessidades, Desafios, Conceito de tarefa, defini\u00e7\u00e3o da fun\u00e7\u00e3o e de cargo, Os Velhos Meios, Os Novos Meios, An\u00e1lise de cargos, Etapas do processo, Descri\u00e7\u00f5es dos cargos, Conceitos de sal\u00e1rios, Tipos de sal\u00e1rios \u0096 parte I e Tipos de sal\u00e1rios \u0096 parte II.<\/p>\n<p>Sobre a carga hor\u00e1ria:<br \/>\nO curso possui 10 horas de carga hor\u00e1ria.<\/p>\n","protected":false},"excerpt":{"rendered":"<p>Ensina: A import\u00e2ncia de um Plano de Cargos e Sal\u00e1rios, Necessidades, Desafios, Conceito de tarefa, defini\u00e7\u00e3o da fun\u00e7\u00e3o e de cargo, Os Velhos Meios, Os Novos Meios, An\u00e1lise de cargos, Etapas do processo, Descri\u00e7\u00f5es dos cargos, Conceitos de sal\u00e1rios, Tipos de sal\u00e1rios \u0096 parte I e Tipos de sal\u00e1rios \u0096 parte II. Sobre a carga hor\u00e1ria: O curso possui 10 [&hellip;]<\/p>\n","protected":false},"featured_media":0,"comment_status":"open","ping_status":"closed","template":"","meta":[],"product_brand":[],"product_cat":[223],"product_tag":[],"class_list":{"0":"post-17045","1":"product","2":"type-product","3":"status-publish","5":"product_cat-gestao-e-lideranca","6":"post","8":"first","9":"instock","10":"virtual","11":"sold-individually","12":"product-type-simple"},"_links":{"self":[{"href":"https:\/\/treina.online\/index.php?rest_route=\/wp\/v2\/product\/17045","targetHints":{"allow":["GET"]}}],"collection":[{"href":"https:\/\/treina.online\/index.php?rest_route=\/wp\/v2\/product"}],"about":[{"href":"https:\/\/treina.online\/index.php?rest_route=\/wp\/v2\/types\/product"}],"replies":[{"embeddable":true,"href":"https:\/\/treina.online\/index.php?rest_route=%2Fwp%2Fv2%2Fcomments&post=17045"}],"version-history":[{"count":0,"href":"https:\/\/treina.online\/index.php?rest_route=\/wp\/v2\/product\/17045\/revisions"}],"wp:attachment":[{"href":"https:\/\/treina.online\/index.php?rest_route=%2Fwp%2Fv2%2Fmedia&parent=17045"}],"wp:term":[{"taxonomy":"product_brand","embeddable":true,"href":"https:\/\/treina.online\/index.php?rest_route=%2Fwp%2Fv2%2Fproduct_brand&post=17045"},{"taxonomy":"product_cat","embeddable":true,"href":"https:\/\/treina.online\/index.php?rest_route=%2Fwp%2Fv2%2Fproduct_cat&post=17045"},{"taxonomy":"product_tag","embeddable":true,"href":"https:\/\/treina.online\/index.php?rest_route=%2Fwp%2Fv2%2Fproduct_tag&post=17045"}],"curies":[{"name":"wp","href":"https:\/\/api.w.org\/{rel}","templated":true}]}}