{"id":17043,"date":"2021-01-24T18:06:34","date_gmt":"2021-01-24T20:06:34","guid":{"rendered":"http:\/\/ecursos.treinaonline.com\/produto\/curso-de-introducao-a-fotografia-e-video-com-celular\/"},"modified":"2021-01-24T18:06:34","modified_gmt":"2021-01-24T20:06:34","slug":"curso-de-introducao-a-fotografia-e-video-com-celular","status":"publish","type":"product","link":"https:\/\/treina.online\/?product=curso-de-introducao-a-fotografia-e-video-com-celular","title":{"rendered":"Curso de Introdu\u00e7\u00e3o \u00e0 Fotografia e V\u00eddeo com Celular"},"content":{"rendered":"<p>Voc\u00ea aprende Por que fotografamos?, Filme e fotografia, Funcionamento da c\u00e2mera, Luz difusa, Luz dura, Construir a luz, O que \u00e9 composi\u00e7\u00e3o?, Regra dos Ter\u00e7os, Ponto de fuga e perspectiva e Formul\u00e1rio.<\/p>\n<p>Sobre a carga hor\u00e1ria:<br \/>\nO curso possui 10 horas de carga hor\u00e1ria.<\/p>\n","protected":false},"excerpt":{"rendered":"<p>Voc\u00ea aprende Por que fotografamos?, Filme e fotografia, Funcionamento da c\u00e2mera, Luz difusa, Luz dura, Construir a luz, O que \u00e9 composi\u00e7\u00e3o?, Regra dos Ter\u00e7os, Ponto de fuga e perspectiva e Formul\u00e1rio. Sobre a carga hor\u00e1ria: O curso possui 10 horas de carga hor\u00e1ria.<\/p>\n","protected":false},"featured_media":0,"comment_status":"open","ping_status":"closed","template":"","meta":[],"product_brand":[],"product_cat":[235],"product_tag":[],"class_list":{"0":"post-17043","1":"product","2":"type-product","3":"status-publish","5":"product_cat-publicidade-e-marketing","6":"post","8":"first","9":"instock","10":"virtual","11":"sold-individually","12":"product-type-simple"},"_links":{"self":[{"href":"https:\/\/treina.online\/index.php?rest_route=\/wp\/v2\/product\/17043","targetHints":{"allow":["GET"]}}],"collection":[{"href":"https:\/\/treina.online\/index.php?rest_route=\/wp\/v2\/product"}],"about":[{"href":"https:\/\/treina.online\/index.php?rest_route=\/wp\/v2\/types\/product"}],"replies":[{"embeddable":true,"href":"https:\/\/treina.online\/index.php?rest_route=%2Fwp%2Fv2%2Fcomments&post=17043"}],"version-history":[{"count":0,"href":"https:\/\/treina.online\/index.php?rest_route=\/wp\/v2\/product\/17043\/revisions"}],"wp:attachment":[{"href":"https:\/\/treina.online\/index.php?rest_route=%2Fwp%2Fv2%2Fmedia&parent=17043"}],"wp:term":[{"taxonomy":"product_brand","embeddable":true,"href":"https:\/\/treina.online\/index.php?rest_route=%2Fwp%2Fv2%2Fproduct_brand&post=17043"},{"taxonomy":"product_cat","embeddable":true,"href":"https:\/\/treina.online\/index.php?rest_route=%2Fwp%2Fv2%2Fproduct_cat&post=17043"},{"taxonomy":"product_tag","embeddable":true,"href":"https:\/\/treina.online\/index.php?rest_route=%2Fwp%2Fv2%2Fproduct_tag&post=17043"}],"curies":[{"name":"wp","href":"https:\/\/api.w.org\/{rel}","templated":true}]}}