{"id":17041,"date":"2021-01-24T18:06:32","date_gmt":"2021-01-24T20:06:32","guid":{"rendered":"http:\/\/ecursos.treinaonline.com\/produto\/curso-de-introducao-a-fotografia-de-gestantes\/"},"modified":"2021-01-24T18:06:32","modified_gmt":"2021-01-24T20:06:32","slug":"curso-de-introducao-a-fotografia-de-gestantes","status":"publish","type":"product","link":"https:\/\/treina.online\/?product=curso-de-introducao-a-fotografia-de-gestantes","title":{"rendered":"Curso de Introdu\u00e7\u00e3o \u00e0 Fotografia de Gestantes"},"content":{"rendered":"<p>Ensina O que \u00e9 a fotografia de fam\u00edlia?, O mercado de trabalho, O que \u00e9 importante para come\u00e7ar?, Publica\u00e7\u00f5es nas redes sociais, Como atrair clientes?, Impulsionamento x An\u00fancio, Usar est\u00fadio ou ambiente externo?, Conhecendo a fam\u00edlia , Como escolher equipamentos, acess\u00f3rios e roupas para a gestante? e Formul\u00e1rio.<\/p>\n<p>Sobre a carga hor\u00e1ria:<br \/>\nO curso possui 10 horas de carga hor\u00e1ria.<\/p>\n","protected":false},"excerpt":{"rendered":"<p>Ensina O que \u00e9 a fotografia de fam\u00edlia?, O mercado de trabalho, O que \u00e9 importante para come\u00e7ar?, Publica\u00e7\u00f5es nas redes sociais, Como atrair clientes?, Impulsionamento x An\u00fancio, Usar est\u00fadio ou ambiente externo?, Conhecendo a fam\u00edlia , Como escolher equipamentos, acess\u00f3rios e roupas para a gestante? e Formul\u00e1rio. Sobre a carga hor\u00e1ria: O curso possui 10 horas de carga hor\u00e1ria.<\/p>\n","protected":false},"featured_media":0,"comment_status":"open","ping_status":"closed","template":"","meta":[],"product_brand":[],"product_cat":[222],"product_tag":[],"class_list":{"0":"post-17041","1":"product","2":"type-product","3":"status-publish","5":"product_cat-fotografia-e-video","6":"post","8":"first","9":"instock","10":"virtual","11":"sold-individually","12":"product-type-simple"},"_links":{"self":[{"href":"https:\/\/treina.online\/index.php?rest_route=\/wp\/v2\/product\/17041","targetHints":{"allow":["GET"]}}],"collection":[{"href":"https:\/\/treina.online\/index.php?rest_route=\/wp\/v2\/product"}],"about":[{"href":"https:\/\/treina.online\/index.php?rest_route=\/wp\/v2\/types\/product"}],"replies":[{"embeddable":true,"href":"https:\/\/treina.online\/index.php?rest_route=%2Fwp%2Fv2%2Fcomments&post=17041"}],"version-history":[{"count":0,"href":"https:\/\/treina.online\/index.php?rest_route=\/wp\/v2\/product\/17041\/revisions"}],"wp:attachment":[{"href":"https:\/\/treina.online\/index.php?rest_route=%2Fwp%2Fv2%2Fmedia&parent=17041"}],"wp:term":[{"taxonomy":"product_brand","embeddable":true,"href":"https:\/\/treina.online\/index.php?rest_route=%2Fwp%2Fv2%2Fproduct_brand&post=17041"},{"taxonomy":"product_cat","embeddable":true,"href":"https:\/\/treina.online\/index.php?rest_route=%2Fwp%2Fv2%2Fproduct_cat&post=17041"},{"taxonomy":"product_tag","embeddable":true,"href":"https:\/\/treina.online\/index.php?rest_route=%2Fwp%2Fv2%2Fproduct_tag&post=17041"}],"curies":[{"name":"wp","href":"https:\/\/api.w.org\/{rel}","templated":true}]}}