{"id":17040,"date":"2021-01-24T18:06:30","date_gmt":"2021-01-24T20:06:30","guid":{"rendered":"http:\/\/ecursos.treinaonline.com\/produto\/curso-de-introducao-a-fonoaudiologia-hospitalar\/"},"modified":"2021-01-24T18:06:30","modified_gmt":"2021-01-24T20:06:30","slug":"curso-de-introducao-a-fonoaudiologia-hospitalar","status":"publish","type":"product","link":"https:\/\/treina.online\/?product=curso-de-introducao-a-fonoaudiologia-hospitalar","title":{"rendered":"Curso de Introdu\u00e7\u00e3o \u00e0 Fonoaudiologia Hospitalar"},"content":{"rendered":"<p>Aborda Quem \u00e9 o paciente do PS , Equipe do PS, Atendimento, O que \u00e9 biosseguran\u00e7a?, Riscos, Equipamentos de prote\u00e7\u00e3o individual, UTI e CTI, Ventila\u00e7\u00e3o mec\u00e2nica invasiva, Traqueostomia (TQT), O que \u00e9 uma enfermaria?, Respira\u00e7\u00e3o, condi\u00e7\u00f5es observadas. e V\u00e1lvula de fala.<\/p>\n<p>Sobre a carga hor\u00e1ria:<br \/>\nO curso possui 10 horas de carga hor\u00e1ria.<\/p>\n","protected":false},"excerpt":{"rendered":"<p>Aborda Quem \u00e9 o paciente do PS , Equipe do PS, Atendimento, O que \u00e9 biosseguran\u00e7a?, Riscos, Equipamentos de prote\u00e7\u00e3o individual, UTI e CTI, Ventila\u00e7\u00e3o mec\u00e2nica invasiva, Traqueostomia (TQT), O que \u00e9 uma enfermaria?, Respira\u00e7\u00e3o, condi\u00e7\u00f5es observadas. e V\u00e1lvula de fala. Sobre a carga hor\u00e1ria: O curso possui 10 horas de carga hor\u00e1ria.<\/p>\n","protected":false},"featured_media":0,"comment_status":"open","ping_status":"closed","template":"","meta":[],"product_brand":[],"product_cat":[228],"product_tag":[],"class_list":{"0":"post-17040","1":"product","2":"type-product","3":"status-publish","5":"product_cat-medicina","6":"post","8":"first","9":"instock","10":"virtual","11":"sold-individually","12":"product-type-simple"},"_links":{"self":[{"href":"https:\/\/treina.online\/index.php?rest_route=\/wp\/v2\/product\/17040","targetHints":{"allow":["GET"]}}],"collection":[{"href":"https:\/\/treina.online\/index.php?rest_route=\/wp\/v2\/product"}],"about":[{"href":"https:\/\/treina.online\/index.php?rest_route=\/wp\/v2\/types\/product"}],"replies":[{"embeddable":true,"href":"https:\/\/treina.online\/index.php?rest_route=%2Fwp%2Fv2%2Fcomments&post=17040"}],"version-history":[{"count":0,"href":"https:\/\/treina.online\/index.php?rest_route=\/wp\/v2\/product\/17040\/revisions"}],"wp:attachment":[{"href":"https:\/\/treina.online\/index.php?rest_route=%2Fwp%2Fv2%2Fmedia&parent=17040"}],"wp:term":[{"taxonomy":"product_brand","embeddable":true,"href":"https:\/\/treina.online\/index.php?rest_route=%2Fwp%2Fv2%2Fproduct_brand&post=17040"},{"taxonomy":"product_cat","embeddable":true,"href":"https:\/\/treina.online\/index.php?rest_route=%2Fwp%2Fv2%2Fproduct_cat&post=17040"},{"taxonomy":"product_tag","embeddable":true,"href":"https:\/\/treina.online\/index.php?rest_route=%2Fwp%2Fv2%2Fproduct_tag&post=17040"}],"curies":[{"name":"wp","href":"https:\/\/api.w.org\/{rel}","templated":true}]}}