{"id":17039,"date":"2021-01-24T18:06:23","date_gmt":"2021-01-24T20:06:23","guid":{"rendered":"http:\/\/ecursos.treinaonline.com\/produto\/curso-de-introducao-a-farmacologia-geral\/"},"modified":"2021-01-24T18:06:23","modified_gmt":"2021-01-24T20:06:23","slug":"curso-de-introducao-a-farmacologia-geral","status":"publish","type":"product","link":"https:\/\/treina.online\/?product=curso-de-introducao-a-farmacologia-geral","title":{"rendered":"Curso de Introdu\u00e7\u00e3o \u00e0 Farmacologia Geral"},"content":{"rendered":"<p>Apresenta Conceitos em farmacologia, Formas e vias de administra\u00e7\u00e3o, Tipos de prescri\u00e7\u00e3o, Absor\u00e7\u00e3o de f\u00e1rmacos, Distribui\u00e7\u00e3o dos f\u00e1rmacos, Metaboliza\u00e7\u00e3o e excre\u00e7\u00e3o, Receptores, Tipos de receptores e Regula\u00e7\u00e3o de receptores.<\/p>\n<p>Sobre a carga hor\u00e1ria:<br \/>\nO curso possui 10 horas de carga hor\u00e1ria.<\/p>\n","protected":false},"excerpt":{"rendered":"<p>Apresenta Conceitos em farmacologia, Formas e vias de administra\u00e7\u00e3o, Tipos de prescri\u00e7\u00e3o, Absor\u00e7\u00e3o de f\u00e1rmacos, Distribui\u00e7\u00e3o dos f\u00e1rmacos, Metaboliza\u00e7\u00e3o e excre\u00e7\u00e3o, Receptores, Tipos de receptores e Regula\u00e7\u00e3o de receptores. Sobre a carga hor\u00e1ria: O curso possui 10 horas de carga hor\u00e1ria.<\/p>\n","protected":false},"featured_media":0,"comment_status":"open","ping_status":"closed","template":"","meta":[],"product_brand":[],"product_cat":[219],"product_tag":[],"class_list":{"0":"post-17039","1":"product","2":"type-product","3":"status-publish","5":"product_cat-farmacia","6":"post","8":"first","9":"instock","10":"virtual","11":"sold-individually","12":"product-type-simple"},"_links":{"self":[{"href":"https:\/\/treina.online\/index.php?rest_route=\/wp\/v2\/product\/17039","targetHints":{"allow":["GET"]}}],"collection":[{"href":"https:\/\/treina.online\/index.php?rest_route=\/wp\/v2\/product"}],"about":[{"href":"https:\/\/treina.online\/index.php?rest_route=\/wp\/v2\/types\/product"}],"replies":[{"embeddable":true,"href":"https:\/\/treina.online\/index.php?rest_route=%2Fwp%2Fv2%2Fcomments&post=17039"}],"version-history":[{"count":0,"href":"https:\/\/treina.online\/index.php?rest_route=\/wp\/v2\/product\/17039\/revisions"}],"wp:attachment":[{"href":"https:\/\/treina.online\/index.php?rest_route=%2Fwp%2Fv2%2Fmedia&parent=17039"}],"wp:term":[{"taxonomy":"product_brand","embeddable":true,"href":"https:\/\/treina.online\/index.php?rest_route=%2Fwp%2Fv2%2Fproduct_brand&post=17039"},{"taxonomy":"product_cat","embeddable":true,"href":"https:\/\/treina.online\/index.php?rest_route=%2Fwp%2Fv2%2Fproduct_cat&post=17039"},{"taxonomy":"product_tag","embeddable":true,"href":"https:\/\/treina.online\/index.php?rest_route=%2Fwp%2Fv2%2Fproduct_tag&post=17039"}],"curies":[{"name":"wp","href":"https:\/\/api.w.org\/{rel}","templated":true}]}}