{"id":17037,"date":"2021-01-24T18:06:21","date_gmt":"2021-01-24T20:06:21","guid":{"rendered":"http:\/\/ecursos.treinaonline.com\/produto\/curso-de-introducao-a-estetica-periodontal\/"},"modified":"2021-01-24T18:06:21","modified_gmt":"2021-01-24T20:06:21","slug":"curso-de-introducao-a-estetica-periodontal","status":"publish","type":"product","link":"https:\/\/treina.online\/?product=curso-de-introducao-a-estetica-periodontal","title":{"rendered":"Curso de Introdu\u00e7\u00e3o \u00e0 Est\u00e9tica Periodontal"},"content":{"rendered":"<p>Ensina Defini\u00e7\u00e3o de Est\u00e9tica Periodontal,  Simetria, Z\u00eanite gengival, Indica\u00e7\u00f5es de Gengivectomia  , T\u00e9cnica de Gengivectomia, Casos Cl\u00ednicos de Gengivectomia e Formul\u00e1rio.<\/p>\n<p>Sobre a carga hor\u00e1ria:<br \/>\nO curso possui 10 horas de carga hor\u00e1ria.<\/p>\n","protected":false},"excerpt":{"rendered":"<p>Ensina Defini\u00e7\u00e3o de Est\u00e9tica Periodontal, Simetria, Z\u00eanite gengival, Indica\u00e7\u00f5es de Gengivectomia , T\u00e9cnica de Gengivectomia, Casos Cl\u00ednicos de Gengivectomia e Formul\u00e1rio. Sobre a carga hor\u00e1ria: O curso possui 10 horas de carga hor\u00e1ria.<\/p>\n","protected":false},"featured_media":0,"comment_status":"open","ping_status":"closed","template":"","meta":[],"product_brand":[],"product_cat":[232],"product_tag":[],"class_list":{"0":"post-17037","1":"product","2":"type-product","3":"status-publish","5":"product_cat-odontologia","6":"post","8":"first","9":"instock","10":"virtual","11":"sold-individually","12":"product-type-simple"},"_links":{"self":[{"href":"https:\/\/treina.online\/index.php?rest_route=\/wp\/v2\/product\/17037","targetHints":{"allow":["GET"]}}],"collection":[{"href":"https:\/\/treina.online\/index.php?rest_route=\/wp\/v2\/product"}],"about":[{"href":"https:\/\/treina.online\/index.php?rest_route=\/wp\/v2\/types\/product"}],"replies":[{"embeddable":true,"href":"https:\/\/treina.online\/index.php?rest_route=%2Fwp%2Fv2%2Fcomments&post=17037"}],"version-history":[{"count":0,"href":"https:\/\/treina.online\/index.php?rest_route=\/wp\/v2\/product\/17037\/revisions"}],"wp:attachment":[{"href":"https:\/\/treina.online\/index.php?rest_route=%2Fwp%2Fv2%2Fmedia&parent=17037"}],"wp:term":[{"taxonomy":"product_brand","embeddable":true,"href":"https:\/\/treina.online\/index.php?rest_route=%2Fwp%2Fv2%2Fproduct_brand&post=17037"},{"taxonomy":"product_cat","embeddable":true,"href":"https:\/\/treina.online\/index.php?rest_route=%2Fwp%2Fv2%2Fproduct_cat&post=17037"},{"taxonomy":"product_tag","embeddable":true,"href":"https:\/\/treina.online\/index.php?rest_route=%2Fwp%2Fv2%2Fproduct_tag&post=17037"}],"curies":[{"name":"wp","href":"https:\/\/api.w.org\/{rel}","templated":true}]}}