{"id":17036,"date":"2021-01-24T18:06:20","date_gmt":"2021-01-24T20:06:20","guid":{"rendered":"http:\/\/ecursos.treinaonline.com\/produto\/curso-de-introducao-a-estetica-natural\/"},"modified":"2021-01-24T18:06:20","modified_gmt":"2021-01-24T20:06:20","slug":"curso-de-introducao-a-estetica-natural","status":"publish","type":"product","link":"https:\/\/treina.online\/?product=curso-de-introducao-a-estetica-natural","title":{"rendered":"Curso de Introdu\u00e7\u00e3o \u00e0 Est\u00e9tica Natural"},"content":{"rendered":"<p>Voc\u00ea aprende O que \u00e9 est\u00e9tica natural, Benef\u00edcios da Est\u00e9tica Natural, Defini\u00e7\u00e3o de cosm\u00e9ticos naturais, Defini\u00e7\u00e3o de cosm\u00e9ticos org\u00e2nicos, Demonstra\u00e7\u00e3o pr\u00e1tica com produtos qu\u00edmicos e naturais, Demonstra\u00e7\u00e3o pr\u00e1tica com produtos naturais e org\u00e2nicos, Defini\u00e7\u00e3o de cosm\u00e9tico vegano, Benef\u00edcios dos cosm\u00e9ticos veganos, Demonstra\u00e7\u00e3o pr\u00e1tica com produtos veganos, Riscos de subst\u00e2ncias qu\u00edmicas nos cosm\u00e9ticos e Ricos de subst\u00e2ncias qu\u00edmicas no organismo.<\/p>\n<p>Sobre a carga hor\u00e1ria:<br \/>\nO curso possui 10 horas de carga hor\u00e1ria.<\/p>\n","protected":false},"excerpt":{"rendered":"<p>Voc\u00ea aprende O que \u00e9 est\u00e9tica natural, Benef\u00edcios da Est\u00e9tica Natural, Defini\u00e7\u00e3o de cosm\u00e9ticos naturais, Defini\u00e7\u00e3o de cosm\u00e9ticos org\u00e2nicos, Demonstra\u00e7\u00e3o pr\u00e1tica com produtos qu\u00edmicos e naturais, Demonstra\u00e7\u00e3o pr\u00e1tica com produtos naturais e org\u00e2nicos, Defini\u00e7\u00e3o de cosm\u00e9tico vegano, Benef\u00edcios dos cosm\u00e9ticos veganos, Demonstra\u00e7\u00e3o pr\u00e1tica com produtos veganos, Riscos de subst\u00e2ncias qu\u00edmicas nos cosm\u00e9ticos e Ricos de subst\u00e2ncias qu\u00edmicas no organismo. Sobre [&hellip;]<\/p>\n","protected":false},"featured_media":0,"comment_status":"open","ping_status":"closed","template":"","meta":[],"product_brand":[],"product_cat":[217],"product_tag":[],"class_list":{"0":"post-17036","1":"product","2":"type-product","3":"status-publish","5":"product_cat-estetica-e-beleza","6":"post","8":"first","9":"instock","10":"virtual","11":"sold-individually","12":"product-type-simple"},"_links":{"self":[{"href":"https:\/\/treina.online\/index.php?rest_route=\/wp\/v2\/product\/17036","targetHints":{"allow":["GET"]}}],"collection":[{"href":"https:\/\/treina.online\/index.php?rest_route=\/wp\/v2\/product"}],"about":[{"href":"https:\/\/treina.online\/index.php?rest_route=\/wp\/v2\/types\/product"}],"replies":[{"embeddable":true,"href":"https:\/\/treina.online\/index.php?rest_route=%2Fwp%2Fv2%2Fcomments&post=17036"}],"version-history":[{"count":0,"href":"https:\/\/treina.online\/index.php?rest_route=\/wp\/v2\/product\/17036\/revisions"}],"wp:attachment":[{"href":"https:\/\/treina.online\/index.php?rest_route=%2Fwp%2Fv2%2Fmedia&parent=17036"}],"wp:term":[{"taxonomy":"product_brand","embeddable":true,"href":"https:\/\/treina.online\/index.php?rest_route=%2Fwp%2Fv2%2Fproduct_brand&post=17036"},{"taxonomy":"product_cat","embeddable":true,"href":"https:\/\/treina.online\/index.php?rest_route=%2Fwp%2Fv2%2Fproduct_cat&post=17036"},{"taxonomy":"product_tag","embeddable":true,"href":"https:\/\/treina.online\/index.php?rest_route=%2Fwp%2Fv2%2Fproduct_tag&post=17036"}],"curies":[{"name":"wp","href":"https:\/\/api.w.org\/{rel}","templated":true}]}}