{"id":17031,"date":"2021-01-24T18:06:16","date_gmt":"2021-01-24T20:06:16","guid":{"rendered":"http:\/\/ecursos.treinaonline.com\/produto\/curso-de-introducao-a-eficiencia-operacional\/"},"modified":"2021-01-24T18:06:16","modified_gmt":"2021-01-24T20:06:16","slug":"curso-de-introducao-a-eficiencia-operacional","status":"publish","type":"product","link":"https:\/\/treina.online\/?product=curso-de-introducao-a-eficiencia-operacional","title":{"rendered":"Curso de Introdu\u00e7\u00e3o \u00e0 Efici\u00eancia Operacional"},"content":{"rendered":"<p>Voc\u00ea aprende :  Introdu\u00e7\u00e3o \u00e0 Efici\u00eancia Operacional, Import\u00e2ncia da Efici\u00eancia Operacional, Por onde come\u00e7ar&#8230;, Origem e Hist\u00f3ria da Efici\u00eancia Operacional, Evolu\u00e7\u00e3o e Futuro da Efici\u00eancia Operacional I, Evolu\u00e7\u00e3o e Futuro da Efici\u00eancia Operacional II,  Estrat\u00e9gias de Lideran\u00e7a, Estrat\u00e9gia de Diferencia\u00e7\u00e3o, Estrat\u00e9gia de Diferencia\u00e7\u00e3o Focada, Indicadores utilizados, tipos de indicadores I e Tipo de indicadores II.<\/p>\n<p>Sobre a carga hor\u00e1ria:<br \/>\nO curso possui 10 horas de carga hor\u00e1ria.<\/p>\n","protected":false},"excerpt":{"rendered":"<p>Voc\u00ea aprende : Introdu\u00e7\u00e3o \u00e0 Efici\u00eancia Operacional, Import\u00e2ncia da Efici\u00eancia Operacional, Por onde come\u00e7ar&#8230;, Origem e Hist\u00f3ria da Efici\u00eancia Operacional, Evolu\u00e7\u00e3o e Futuro da Efici\u00eancia Operacional I, Evolu\u00e7\u00e3o e Futuro da Efici\u00eancia Operacional II, Estrat\u00e9gias de Lideran\u00e7a, Estrat\u00e9gia de Diferencia\u00e7\u00e3o, Estrat\u00e9gia de Diferencia\u00e7\u00e3o Focada, Indicadores utilizados, tipos de indicadores I e Tipo de indicadores II. Sobre a carga hor\u00e1ria: O [&hellip;]<\/p>\n","protected":false},"featured_media":0,"comment_status":"open","ping_status":"closed","template":"","meta":[],"product_brand":[],"product_cat":[199],"product_tag":[],"class_list":{"0":"post-17031","1":"product","2":"type-product","3":"status-publish","5":"product_cat-administracao","6":"post","8":"first","9":"instock","10":"virtual","11":"sold-individually","12":"product-type-simple"},"_links":{"self":[{"href":"https:\/\/treina.online\/index.php?rest_route=\/wp\/v2\/product\/17031","targetHints":{"allow":["GET"]}}],"collection":[{"href":"https:\/\/treina.online\/index.php?rest_route=\/wp\/v2\/product"}],"about":[{"href":"https:\/\/treina.online\/index.php?rest_route=\/wp\/v2\/types\/product"}],"replies":[{"embeddable":true,"href":"https:\/\/treina.online\/index.php?rest_route=%2Fwp%2Fv2%2Fcomments&post=17031"}],"version-history":[{"count":0,"href":"https:\/\/treina.online\/index.php?rest_route=\/wp\/v2\/product\/17031\/revisions"}],"wp:attachment":[{"href":"https:\/\/treina.online\/index.php?rest_route=%2Fwp%2Fv2%2Fmedia&parent=17031"}],"wp:term":[{"taxonomy":"product_brand","embeddable":true,"href":"https:\/\/treina.online\/index.php?rest_route=%2Fwp%2Fv2%2Fproduct_brand&post=17031"},{"taxonomy":"product_cat","embeddable":true,"href":"https:\/\/treina.online\/index.php?rest_route=%2Fwp%2Fv2%2Fproduct_cat&post=17031"},{"taxonomy":"product_tag","embeddable":true,"href":"https:\/\/treina.online\/index.php?rest_route=%2Fwp%2Fv2%2Fproduct_tag&post=17031"}],"curies":[{"name":"wp","href":"https:\/\/api.w.org\/{rel}","templated":true}]}}