{"id":17027,"date":"2021-01-24T18:06:13","date_gmt":"2021-01-24T20:06:13","guid":{"rendered":"http:\/\/ecursos.treinaonline.com\/produto\/curso-de-introducao-a-drenagem-linfatica-manual\/"},"modified":"2021-01-24T18:06:13","modified_gmt":"2021-01-24T20:06:13","slug":"curso-de-introducao-a-drenagem-linfatica-manual","status":"publish","type":"product","link":"https:\/\/treina.online\/?product=curso-de-introducao-a-drenagem-linfatica-manual","title":{"rendered":"Curso de Introdu\u00e7\u00e3o \u00e0 Drenagem Linf\u00e1tica Manual"},"content":{"rendered":"<p>Apresenta Introdu\u00e7\u00e3o \u00e0 drenagem linf\u00e1tica, Fundamentos da drenagem linf\u00e1tica, Origem da drenagem linf\u00e1tica, Profissionais da drenagem linf\u00e1tica, Instrumentos para drenagem manual, Autoprepara\u00e7\u00e3o e precau\u00e7\u00f5es, Sistema circulat\u00f3rio e Sistema sangu\u00edneo.<\/p>\n<p>Sobre a carga hor\u00e1ria:<br \/>\nO curso possui 10 horas de carga hor\u00e1ria.<\/p>\n","protected":false},"excerpt":{"rendered":"<p>Apresenta Introdu\u00e7\u00e3o \u00e0 drenagem linf\u00e1tica, Fundamentos da drenagem linf\u00e1tica, Origem da drenagem linf\u00e1tica, Profissionais da drenagem linf\u00e1tica, Instrumentos para drenagem manual, Autoprepara\u00e7\u00e3o e precau\u00e7\u00f5es, Sistema circulat\u00f3rio e Sistema sangu\u00edneo. Sobre a carga hor\u00e1ria: O curso possui 10 horas de carga hor\u00e1ria.<\/p>\n","protected":false},"featured_media":0,"comment_status":"open","ping_status":"closed","template":"","meta":[],"product_brand":[],"product_cat":[217],"product_tag":[],"class_list":{"0":"post-17027","1":"product","2":"type-product","3":"status-publish","5":"product_cat-estetica-e-beleza","6":"post","8":"first","9":"instock","10":"virtual","11":"sold-individually","12":"product-type-simple"},"_links":{"self":[{"href":"https:\/\/treina.online\/index.php?rest_route=\/wp\/v2\/product\/17027","targetHints":{"allow":["GET"]}}],"collection":[{"href":"https:\/\/treina.online\/index.php?rest_route=\/wp\/v2\/product"}],"about":[{"href":"https:\/\/treina.online\/index.php?rest_route=\/wp\/v2\/types\/product"}],"replies":[{"embeddable":true,"href":"https:\/\/treina.online\/index.php?rest_route=%2Fwp%2Fv2%2Fcomments&post=17027"}],"version-history":[{"count":0,"href":"https:\/\/treina.online\/index.php?rest_route=\/wp\/v2\/product\/17027\/revisions"}],"wp:attachment":[{"href":"https:\/\/treina.online\/index.php?rest_route=%2Fwp%2Fv2%2Fmedia&parent=17027"}],"wp:term":[{"taxonomy":"product_brand","embeddable":true,"href":"https:\/\/treina.online\/index.php?rest_route=%2Fwp%2Fv2%2Fproduct_brand&post=17027"},{"taxonomy":"product_cat","embeddable":true,"href":"https:\/\/treina.online\/index.php?rest_route=%2Fwp%2Fv2%2Fproduct_cat&post=17027"},{"taxonomy":"product_tag","embeddable":true,"href":"https:\/\/treina.online\/index.php?rest_route=%2Fwp%2Fv2%2Fproduct_tag&post=17027"}],"curies":[{"name":"wp","href":"https:\/\/api.w.org\/{rel}","templated":true}]}}