{"id":17026,"date":"2021-01-24T18:06:12","date_gmt":"2021-01-24T20:06:12","guid":{"rendered":"http:\/\/ecursos.treinaonline.com\/produto\/curso-de-introducao-a-drenagem-linfatica-corporal\/"},"modified":"2021-01-24T18:06:12","modified_gmt":"2021-01-24T20:06:12","slug":"curso-de-introducao-a-drenagem-linfatica-corporal","status":"publish","type":"product","link":"https:\/\/treina.online\/?product=curso-de-introducao-a-drenagem-linfatica-corporal","title":{"rendered":"Curso de Introdu\u00e7\u00e3o \u00e0 Drenagem Linf\u00e1tica Corporal"},"content":{"rendered":"<p>Aborda Ficha de Avalia\u00e7\u00e3o, H\u00e1bito, Autoriza\u00e7\u00e3o, Ag\u00eancia Nacional de Vigil\u00e2ncia Sanit\u00e1ria &#8211; ANVISA, Instrumentos para Drenagem Corporal, Postura Profissional, Hip\u00f3crates, Vodder, Leduc, Sistema Imune e Sistema Linf\u00e1tico, Linfonodos e Fluxo da Linfa.<\/p>\n<p>Sobre a carga hor\u00e1ria:<br \/>\nO curso possui 10 horas de carga hor\u00e1ria.<\/p>\n","protected":false},"excerpt":{"rendered":"<p>Aborda Ficha de Avalia\u00e7\u00e3o, H\u00e1bito, Autoriza\u00e7\u00e3o, Ag\u00eancia Nacional de Vigil\u00e2ncia Sanit\u00e1ria &#8211; ANVISA, Instrumentos para Drenagem Corporal, Postura Profissional, Hip\u00f3crates, Vodder, Leduc, Sistema Imune e Sistema Linf\u00e1tico, Linfonodos e Fluxo da Linfa. Sobre a carga hor\u00e1ria: O curso possui 10 horas de carga hor\u00e1ria.<\/p>\n","protected":false},"featured_media":0,"comment_status":"open","ping_status":"closed","template":"","meta":[],"product_brand":[],"product_cat":[217],"product_tag":[],"class_list":{"0":"post-17026","1":"product","2":"type-product","3":"status-publish","5":"product_cat-estetica-e-beleza","6":"post","8":"first","9":"instock","10":"virtual","11":"sold-individually","12":"product-type-simple"},"_links":{"self":[{"href":"https:\/\/treina.online\/index.php?rest_route=\/wp\/v2\/product\/17026","targetHints":{"allow":["GET"]}}],"collection":[{"href":"https:\/\/treina.online\/index.php?rest_route=\/wp\/v2\/product"}],"about":[{"href":"https:\/\/treina.online\/index.php?rest_route=\/wp\/v2\/types\/product"}],"replies":[{"embeddable":true,"href":"https:\/\/treina.online\/index.php?rest_route=%2Fwp%2Fv2%2Fcomments&post=17026"}],"version-history":[{"count":0,"href":"https:\/\/treina.online\/index.php?rest_route=\/wp\/v2\/product\/17026\/revisions"}],"wp:attachment":[{"href":"https:\/\/treina.online\/index.php?rest_route=%2Fwp%2Fv2%2Fmedia&parent=17026"}],"wp:term":[{"taxonomy":"product_brand","embeddable":true,"href":"https:\/\/treina.online\/index.php?rest_route=%2Fwp%2Fv2%2Fproduct_brand&post=17026"},{"taxonomy":"product_cat","embeddable":true,"href":"https:\/\/treina.online\/index.php?rest_route=%2Fwp%2Fv2%2Fproduct_cat&post=17026"},{"taxonomy":"product_tag","embeddable":true,"href":"https:\/\/treina.online\/index.php?rest_route=%2Fwp%2Fv2%2Fproduct_tag&post=17026"}],"curies":[{"name":"wp","href":"https:\/\/api.w.org\/{rel}","templated":true}]}}