{"id":17024,"date":"2021-01-24T18:06:11","date_gmt":"2021-01-24T20:06:11","guid":{"rendered":"http:\/\/ecursos.treinaonline.com\/produto\/curso-de-introducao-a-danca-do-ventre\/"},"modified":"2021-01-24T18:06:11","modified_gmt":"2021-01-24T20:06:11","slug":"curso-de-introducao-a-danca-do-ventre","status":"publish","type":"product","link":"https:\/\/treina.online\/?product=curso-de-introducao-a-danca-do-ventre","title":{"rendered":"Curso de Introdu\u00e7\u00e3o \u00e0 Dan\u00e7a do Ventre"},"content":{"rendered":"<p>Ensina Introdu\u00e7\u00e3o e principais movimentos da dan\u00e7a do ventre, Movimentos ondulat\u00f3rios de bra\u00e7os, m\u00e3os e quadris e Molduras e exposi\u00e7\u00e3o dos bra\u00e7os e quadris.<\/p>\n<p>Sobre a carga hor\u00e1ria:<br \/>\nO curso possui 2 horas de carga hor\u00e1ria.<\/p>\n","protected":false},"excerpt":{"rendered":"<p>Ensina Introdu\u00e7\u00e3o e principais movimentos da dan\u00e7a do ventre, Movimentos ondulat\u00f3rios de bra\u00e7os, m\u00e3os e quadris e Molduras e exposi\u00e7\u00e3o dos bra\u00e7os e quadris. Sobre a carga hor\u00e1ria: O curso possui 2 horas de carga hor\u00e1ria.<\/p>\n","protected":false},"featured_media":0,"comment_status":"open","ping_status":"closed","template":"","meta":[],"product_brand":[],"product_cat":[226],"product_tag":[],"class_list":{"0":"post-17024","1":"product","2":"type-product","3":"status-publish","5":"product_cat-iniciacao-profissional","6":"post","8":"first","9":"instock","10":"virtual","11":"sold-individually","12":"product-type-simple"},"_links":{"self":[{"href":"https:\/\/treina.online\/index.php?rest_route=\/wp\/v2\/product\/17024","targetHints":{"allow":["GET"]}}],"collection":[{"href":"https:\/\/treina.online\/index.php?rest_route=\/wp\/v2\/product"}],"about":[{"href":"https:\/\/treina.online\/index.php?rest_route=\/wp\/v2\/types\/product"}],"replies":[{"embeddable":true,"href":"https:\/\/treina.online\/index.php?rest_route=%2Fwp%2Fv2%2Fcomments&post=17024"}],"version-history":[{"count":0,"href":"https:\/\/treina.online\/index.php?rest_route=\/wp\/v2\/product\/17024\/revisions"}],"wp:attachment":[{"href":"https:\/\/treina.online\/index.php?rest_route=%2Fwp%2Fv2%2Fmedia&parent=17024"}],"wp:term":[{"taxonomy":"product_brand","embeddable":true,"href":"https:\/\/treina.online\/index.php?rest_route=%2Fwp%2Fv2%2Fproduct_brand&post=17024"},{"taxonomy":"product_cat","embeddable":true,"href":"https:\/\/treina.online\/index.php?rest_route=%2Fwp%2Fv2%2Fproduct_cat&post=17024"},{"taxonomy":"product_tag","embeddable":true,"href":"https:\/\/treina.online\/index.php?rest_route=%2Fwp%2Fv2%2Fproduct_tag&post=17024"}],"curies":[{"name":"wp","href":"https:\/\/api.w.org\/{rel}","templated":true}]}}