{"id":17020,"date":"2021-01-24T18:06:07","date_gmt":"2021-01-24T20:06:07","guid":{"rendered":"http:\/\/ecursos.treinaonline.com\/produto\/curso-de-introducao-a-contabilidade\/"},"modified":"2021-01-24T18:06:07","modified_gmt":"2021-01-24T20:06:07","slug":"curso-de-introducao-a-contabilidade","status":"publish","type":"product","link":"https:\/\/treina.online\/?product=curso-de-introducao-a-contabilidade","title":{"rendered":"Curso de Introdu\u00e7\u00e3o \u00e0 Contabilidade"},"content":{"rendered":"<p>Apresenta O que \u00e9 e para que serve a contabilidade?, Princ\u00edpios Cont\u00e1beis \u0096 parte 1, Princ\u00edpios Cont\u00e1beis \u0096 parte 2, Patrim\u00f4nio &#8211; Bens, Patrim\u00f4nio &#8211; Direitos, Patrim\u00f4nio &#8211; Obriga\u00e7\u00f5es, Ativo: Os bens e direitos da empresa, Passivo: As obriga\u00e7\u00f5es da empresa (com 3\u00bas), Patrim\u00f4nio L\u00edquido \u0096 As obriga\u00e7\u00f5es da empresa (para os s\u00f3cios), O m\u00e9todo de partidas dobradas &#8211; parte 1 e O m\u00e9todo de partidas dobradas &#8211; parte 2.<\/p>\n<p>Sobre a carga hor\u00e1ria:<br \/>\nO curso possui 10 horas de carga hor\u00e1ria.<\/p>\n","protected":false},"excerpt":{"rendered":"<p>Apresenta O que \u00e9 e para que serve a contabilidade?, Princ\u00edpios Cont\u00e1beis \u0096 parte 1, Princ\u00edpios Cont\u00e1beis \u0096 parte 2, Patrim\u00f4nio &#8211; Bens, Patrim\u00f4nio &#8211; Direitos, Patrim\u00f4nio &#8211; Obriga\u00e7\u00f5es, Ativo: Os bens e direitos da empresa, Passivo: As obriga\u00e7\u00f5es da empresa (com 3\u00bas), Patrim\u00f4nio L\u00edquido \u0096 As obriga\u00e7\u00f5es da empresa (para os s\u00f3cios), O m\u00e9todo de partidas dobradas &#8211; parte [&hellip;]<\/p>\n","protected":false},"featured_media":0,"comment_status":"open","ping_status":"closed","template":"","meta":[],"product_brand":[],"product_cat":[206],"product_tag":[],"class_list":{"0":"post-17020","1":"product","2":"type-product","3":"status-publish","5":"product_cat-contabilidade","6":"post","8":"first","9":"instock","10":"virtual","11":"sold-individually","12":"product-type-simple"},"_links":{"self":[{"href":"https:\/\/treina.online\/index.php?rest_route=\/wp\/v2\/product\/17020","targetHints":{"allow":["GET"]}}],"collection":[{"href":"https:\/\/treina.online\/index.php?rest_route=\/wp\/v2\/product"}],"about":[{"href":"https:\/\/treina.online\/index.php?rest_route=\/wp\/v2\/types\/product"}],"replies":[{"embeddable":true,"href":"https:\/\/treina.online\/index.php?rest_route=%2Fwp%2Fv2%2Fcomments&post=17020"}],"version-history":[{"count":0,"href":"https:\/\/treina.online\/index.php?rest_route=\/wp\/v2\/product\/17020\/revisions"}],"wp:attachment":[{"href":"https:\/\/treina.online\/index.php?rest_route=%2Fwp%2Fv2%2Fmedia&parent=17020"}],"wp:term":[{"taxonomy":"product_brand","embeddable":true,"href":"https:\/\/treina.online\/index.php?rest_route=%2Fwp%2Fv2%2Fproduct_brand&post=17020"},{"taxonomy":"product_cat","embeddable":true,"href":"https:\/\/treina.online\/index.php?rest_route=%2Fwp%2Fv2%2Fproduct_cat&post=17020"},{"taxonomy":"product_tag","embeddable":true,"href":"https:\/\/treina.online\/index.php?rest_route=%2Fwp%2Fv2%2Fproduct_tag&post=17020"}],"curies":[{"name":"wp","href":"https:\/\/api.w.org\/{rel}","templated":true}]}}