{"id":17011,"date":"2021-01-24T18:05:49","date_gmt":"2021-01-24T20:05:49","guid":{"rendered":"http:\/\/ecursos.treinaonline.com\/produto\/curso-de-introducao-a-analise-de-demonstracoes-contabeis\/"},"modified":"2021-01-24T18:05:49","modified_gmt":"2021-01-24T20:05:49","slug":"curso-de-introducao-a-analise-de-demonstracoes-contabeis","status":"publish","type":"product","link":"https:\/\/treina.online\/?product=curso-de-introducao-a-analise-de-demonstracoes-contabeis","title":{"rendered":"Curso de Introdu\u00e7\u00e3o \u00e0 An\u00e1lise de Demonstra\u00e7\u00f5es Cont\u00e1beis"},"content":{"rendered":"<p>Ensina Conceito de an\u00e1lise e aspectos qualitativos da contabilidade , Usu\u00e1rios das demonstra\u00e7\u00f5es cont\u00e1beis  , Demonstra\u00e7\u00f5es cont\u00e1beis I: Balan\u00e7o Patrimonial, Demonstra\u00e7\u00f5es cont\u00e1beis II: Demonstra\u00e7\u00e3o de lucros ou preju\u00edzos acumulados e Relacionamento entre as demonstra\u00e7\u00f5es e fontes adicionais de informa\u00e7\u00e3o para an\u00e1lise.<\/p>\n<p>Sobre a carga hor\u00e1ria:<br \/>\nO curso possui 10 horas de carga hor\u00e1ria.<\/p>\n","protected":false},"excerpt":{"rendered":"<p>Ensina Conceito de an\u00e1lise e aspectos qualitativos da contabilidade , Usu\u00e1rios das demonstra\u00e7\u00f5es cont\u00e1beis , Demonstra\u00e7\u00f5es cont\u00e1beis I: Balan\u00e7o Patrimonial, Demonstra\u00e7\u00f5es cont\u00e1beis II: Demonstra\u00e7\u00e3o de lucros ou preju\u00edzos acumulados e Relacionamento entre as demonstra\u00e7\u00f5es e fontes adicionais de informa\u00e7\u00e3o para an\u00e1lise. Sobre a carga hor\u00e1ria: O curso possui 10 horas de carga hor\u00e1ria.<\/p>\n","protected":false},"featured_media":0,"comment_status":"open","ping_status":"closed","template":"","meta":[],"product_brand":[],"product_cat":[206],"product_tag":[],"class_list":{"0":"post-17011","1":"product","2":"type-product","3":"status-publish","5":"product_cat-contabilidade","6":"post","8":"first","9":"instock","10":"virtual","11":"sold-individually","12":"product-type-simple"},"_links":{"self":[{"href":"https:\/\/treina.online\/index.php?rest_route=\/wp\/v2\/product\/17011","targetHints":{"allow":["GET"]}}],"collection":[{"href":"https:\/\/treina.online\/index.php?rest_route=\/wp\/v2\/product"}],"about":[{"href":"https:\/\/treina.online\/index.php?rest_route=\/wp\/v2\/types\/product"}],"replies":[{"embeddable":true,"href":"https:\/\/treina.online\/index.php?rest_route=%2Fwp%2Fv2%2Fcomments&post=17011"}],"version-history":[{"count":0,"href":"https:\/\/treina.online\/index.php?rest_route=\/wp\/v2\/product\/17011\/revisions"}],"wp:attachment":[{"href":"https:\/\/treina.online\/index.php?rest_route=%2Fwp%2Fv2%2Fmedia&parent=17011"}],"wp:term":[{"taxonomy":"product_brand","embeddable":true,"href":"https:\/\/treina.online\/index.php?rest_route=%2Fwp%2Fv2%2Fproduct_brand&post=17011"},{"taxonomy":"product_cat","embeddable":true,"href":"https:\/\/treina.online\/index.php?rest_route=%2Fwp%2Fv2%2Fproduct_cat&post=17011"},{"taxonomy":"product_tag","embeddable":true,"href":"https:\/\/treina.online\/index.php?rest_route=%2Fwp%2Fv2%2Fproduct_tag&post=17011"}],"curies":[{"name":"wp","href":"https:\/\/api.w.org\/{rel}","templated":true}]}}