{"id":17010,"date":"2021-01-24T18:05:48","date_gmt":"2021-01-24T20:05:48","guid":{"rendered":"http:\/\/ecursos.treinaonline.com\/produto\/curso-de-introducao-a-alfabetizacao-e-letramento\/"},"modified":"2021-01-24T18:05:48","modified_gmt":"2021-01-24T20:05:48","slug":"curso-de-introducao-a-alfabetizacao-e-letramento","status":"publish","type":"product","link":"https:\/\/treina.online\/?product=curso-de-introducao-a-alfabetizacao-e-letramento","title":{"rendered":"Curso de Introdu\u00e7\u00e3o a Alfabetiza\u00e7\u00e3o e Letramento"},"content":{"rendered":"<p>Explica O processo alfabetizador, A crian\u00e7a e a alfabetiza\u00e7\u00e3o, Desenho e letras, Afinal, o que \u00e9 letramento?, Alfabetiza\u00e7\u00e3o e Letramento, A hip\u00f3tese sil\u00e1bica, Sint\u00e9ticos e anal\u00edticos, M\u00e9todos globais, Varia\u00e7\u00f5es dos M\u00e9todos Globais e Formul\u00e1rio.<\/p>\n<p>Sobre a carga hor\u00e1ria:<br \/>\nO curso possui 10 horas de carga hor\u00e1ria.<\/p>\n","protected":false},"excerpt":{"rendered":"<p>Explica O processo alfabetizador, A crian\u00e7a e a alfabetiza\u00e7\u00e3o, Desenho e letras, Afinal, o que \u00e9 letramento?, Alfabetiza\u00e7\u00e3o e Letramento, A hip\u00f3tese sil\u00e1bica, Sint\u00e9ticos e anal\u00edticos, M\u00e9todos globais, Varia\u00e7\u00f5es dos M\u00e9todos Globais e Formul\u00e1rio. Sobre a carga hor\u00e1ria: O curso possui 10 horas de carga hor\u00e1ria.<\/p>\n","protected":false},"featured_media":0,"comment_status":"open","ping_status":"closed","template":"","meta":[],"product_brand":[],"product_cat":[213],"product_tag":[],"class_list":{"0":"post-17010","1":"product","2":"type-product","3":"status-publish","5":"product_cat-educacao-e-pedagogia","6":"post","8":"first","9":"instock","10":"virtual","11":"sold-individually","12":"product-type-simple"},"_links":{"self":[{"href":"https:\/\/treina.online\/index.php?rest_route=\/wp\/v2\/product\/17010","targetHints":{"allow":["GET"]}}],"collection":[{"href":"https:\/\/treina.online\/index.php?rest_route=\/wp\/v2\/product"}],"about":[{"href":"https:\/\/treina.online\/index.php?rest_route=\/wp\/v2\/types\/product"}],"replies":[{"embeddable":true,"href":"https:\/\/treina.online\/index.php?rest_route=%2Fwp%2Fv2%2Fcomments&post=17010"}],"version-history":[{"count":0,"href":"https:\/\/treina.online\/index.php?rest_route=\/wp\/v2\/product\/17010\/revisions"}],"wp:attachment":[{"href":"https:\/\/treina.online\/index.php?rest_route=%2Fwp%2Fv2%2Fmedia&parent=17010"}],"wp:term":[{"taxonomy":"product_brand","embeddable":true,"href":"https:\/\/treina.online\/index.php?rest_route=%2Fwp%2Fv2%2Fproduct_brand&post=17010"},{"taxonomy":"product_cat","embeddable":true,"href":"https:\/\/treina.online\/index.php?rest_route=%2Fwp%2Fv2%2Fproduct_cat&post=17010"},{"taxonomy":"product_tag","embeddable":true,"href":"https:\/\/treina.online\/index.php?rest_route=%2Fwp%2Fv2%2Fproduct_tag&post=17010"}],"curies":[{"name":"wp","href":"https:\/\/api.w.org\/{rel}","templated":true}]}}