{"id":17008,"date":"2021-01-24T18:05:46","date_gmt":"2021-01-24T20:05:46","guid":{"rendered":"http:\/\/ecursos.treinaonline.com\/produto\/curso-de-introducao-a-acessibilidade-arquitetonica\/"},"modified":"2021-01-24T18:05:46","modified_gmt":"2021-01-24T20:05:46","slug":"curso-de-introducao-a-acessibilidade-arquitetonica","status":"publish","type":"product","link":"https:\/\/treina.online\/?product=curso-de-introducao-a-acessibilidade-arquitetonica","title":{"rendered":"Curso de Introdu\u00e7\u00e3o \u00e0 Acessibilidade Arquitet\u00f4nica"},"content":{"rendered":"<p>Ensina Acessibilidade Arquitet\u00f4nica, Como e onde se aplica, Leis e Normas utilizadas, Locais de Circula\u00e7\u00e3o, O porqu\u00ea das medidas, O tipo da superf\u00edcie de circula\u00e7\u00e3o, O que \u00e9 e o porqu\u00ea de ter, Como se aplica, Medidas da Rota, Atendimento para cadeira de rodas, Medidas corretas e Facilidades.<\/p>\n<p>Sobre a carga hor\u00e1ria:<br \/>\nO curso possui 10 horas de carga hor\u00e1ria.<\/p>\n","protected":false},"excerpt":{"rendered":"<p>Ensina Acessibilidade Arquitet\u00f4nica, Como e onde se aplica, Leis e Normas utilizadas, Locais de Circula\u00e7\u00e3o, O porqu\u00ea das medidas, O tipo da superf\u00edcie de circula\u00e7\u00e3o, O que \u00e9 e o porqu\u00ea de ter, Como se aplica, Medidas da Rota, Atendimento para cadeira de rodas, Medidas corretas e Facilidades. Sobre a carga hor\u00e1ria: O curso possui 10 horas de carga hor\u00e1ria.<\/p>\n","protected":false},"featured_media":0,"comment_status":"open","ping_status":"closed","template":"","meta":[],"product_brand":[],"product_cat":[202],"product_tag":[],"class_list":{"0":"post-17008","1":"product","2":"type-product","3":"status-publish","5":"product_cat-arquitetura-e-engenharia","6":"post","8":"first","9":"instock","10":"virtual","11":"sold-individually","12":"product-type-simple"},"_links":{"self":[{"href":"https:\/\/treina.online\/index.php?rest_route=\/wp\/v2\/product\/17008","targetHints":{"allow":["GET"]}}],"collection":[{"href":"https:\/\/treina.online\/index.php?rest_route=\/wp\/v2\/product"}],"about":[{"href":"https:\/\/treina.online\/index.php?rest_route=\/wp\/v2\/types\/product"}],"replies":[{"embeddable":true,"href":"https:\/\/treina.online\/index.php?rest_route=%2Fwp%2Fv2%2Fcomments&post=17008"}],"version-history":[{"count":0,"href":"https:\/\/treina.online\/index.php?rest_route=\/wp\/v2\/product\/17008\/revisions"}],"wp:attachment":[{"href":"https:\/\/treina.online\/index.php?rest_route=%2Fwp%2Fv2%2Fmedia&parent=17008"}],"wp:term":[{"taxonomy":"product_brand","embeddable":true,"href":"https:\/\/treina.online\/index.php?rest_route=%2Fwp%2Fv2%2Fproduct_brand&post=17008"},{"taxonomy":"product_cat","embeddable":true,"href":"https:\/\/treina.online\/index.php?rest_route=%2Fwp%2Fv2%2Fproduct_cat&post=17008"},{"taxonomy":"product_tag","embeddable":true,"href":"https:\/\/treina.online\/index.php?rest_route=%2Fwp%2Fv2%2Fproduct_tag&post=17008"}],"curies":[{"name":"wp","href":"https:\/\/api.w.org\/{rel}","templated":true}]}}