{"id":17004,"date":"2021-01-24T18:05:42","date_gmt":"2021-01-24T20:05:42","guid":{"rendered":"http:\/\/ecursos.treinaonline.com\/produto\/curso-de-inteligencia-de-mercado-analise-de-informacoes\/"},"modified":"2021-01-24T18:05:42","modified_gmt":"2021-01-24T20:05:42","slug":"curso-de-inteligencia-de-mercado-analise-de-informacoes","status":"publish","type":"product","link":"https:\/\/treina.online\/?product=curso-de-inteligencia-de-mercado-analise-de-informacoes","title":{"rendered":"Curso de Intelig\u00eancia de Mercado: An\u00e1lise de Informa\u00e7\u00f5es"},"content":{"rendered":"<p>Voc\u00ea aprende An\u00e1lise de Informa\u00e7\u00f5es I &#8211; Interpreta\u00e7\u00e3o e insights, An\u00e1lise de Informa\u00e7\u00f5es II &#8211; Principais ferramentas de gest\u00e3o e An\u00e1lise de Informa\u00e7\u00f5es III &#8211; Principais ferramentas de gest\u00e3o.<\/p>\n<p>Sobre a carga hor\u00e1ria:<br \/>\nO curso possui 2 horas de carga hor\u00e1ria.<\/p>\n","protected":false},"excerpt":{"rendered":"<p>Voc\u00ea aprende An\u00e1lise de Informa\u00e7\u00f5es I &#8211; Interpreta\u00e7\u00e3o e insights, An\u00e1lise de Informa\u00e7\u00f5es II &#8211; Principais ferramentas de gest\u00e3o e An\u00e1lise de Informa\u00e7\u00f5es III &#8211; Principais ferramentas de gest\u00e3o. Sobre a carga hor\u00e1ria: O curso possui 2 horas de carga hor\u00e1ria.<\/p>\n","protected":false},"featured_media":0,"comment_status":"open","ping_status":"closed","template":"","meta":[],"product_brand":[],"product_cat":[235],"product_tag":[],"class_list":{"0":"post-17004","1":"product","2":"type-product","3":"status-publish","5":"product_cat-publicidade-e-marketing","6":"post","8":"first","9":"instock","10":"virtual","11":"sold-individually","12":"product-type-simple"},"_links":{"self":[{"href":"https:\/\/treina.online\/index.php?rest_route=\/wp\/v2\/product\/17004","targetHints":{"allow":["GET"]}}],"collection":[{"href":"https:\/\/treina.online\/index.php?rest_route=\/wp\/v2\/product"}],"about":[{"href":"https:\/\/treina.online\/index.php?rest_route=\/wp\/v2\/types\/product"}],"replies":[{"embeddable":true,"href":"https:\/\/treina.online\/index.php?rest_route=%2Fwp%2Fv2%2Fcomments&post=17004"}],"version-history":[{"count":0,"href":"https:\/\/treina.online\/index.php?rest_route=\/wp\/v2\/product\/17004\/revisions"}],"wp:attachment":[{"href":"https:\/\/treina.online\/index.php?rest_route=%2Fwp%2Fv2%2Fmedia&parent=17004"}],"wp:term":[{"taxonomy":"product_brand","embeddable":true,"href":"https:\/\/treina.online\/index.php?rest_route=%2Fwp%2Fv2%2Fproduct_brand&post=17004"},{"taxonomy":"product_cat","embeddable":true,"href":"https:\/\/treina.online\/index.php?rest_route=%2Fwp%2Fv2%2Fproduct_cat&post=17004"},{"taxonomy":"product_tag","embeddable":true,"href":"https:\/\/treina.online\/index.php?rest_route=%2Fwp%2Fv2%2Fproduct_tag&post=17004"}],"curies":[{"name":"wp","href":"https:\/\/api.w.org\/{rel}","templated":true}]}}