{"id":17003,"date":"2021-01-24T18:05:42","date_gmt":"2021-01-24T20:05:42","guid":{"rendered":"http:\/\/ecursos.treinaonline.com\/produto\/curso-de-inteligencia-de-mercado\/"},"modified":"2021-01-24T18:05:42","modified_gmt":"2021-01-24T20:05:42","slug":"curso-de-inteligencia-de-mercado","status":"publish","type":"product","link":"https:\/\/treina.online\/?product=curso-de-inteligencia-de-mercado","title":{"rendered":"Curso de Intelig\u00eancia de Mercado"},"content":{"rendered":"<p>Aborda conceitos de uma vertente mais estrat\u00e9gica do marketing chamado de intelig\u00eancia de mercado. Voc\u00ea ver\u00e1 o passo-a-passo das etapas de mapeamento de mercado, an\u00e1lise e visualiza\u00e7\u00e3o de informa\u00e7\u00f5es, a import\u00e2ncia da entrega. Al\u00e9m de dicas de sucesso para sua empresa.<\/p>\n<p>Sobre a carga hor\u00e1ria:<br \/>\nO curso possui 80 horas de carga hor\u00e1ria. Por\u00e9m, se for conclu\u00eddo antes de 5 dias, passa a ter 10 horas de carga hor\u00e1ria. Conforme nosso contrato e termos de uso.<\/p>\n","protected":false},"excerpt":{"rendered":"<p>Aborda conceitos de uma vertente mais estrat\u00e9gica do marketing chamado de intelig\u00eancia de mercado. Voc\u00ea ver\u00e1 o passo-a-passo das etapas de mapeamento de mercado, an\u00e1lise e visualiza\u00e7\u00e3o de informa\u00e7\u00f5es, a import\u00e2ncia da entrega. Al\u00e9m de dicas de sucesso para sua empresa. Sobre a carga hor\u00e1ria: O curso possui 80 horas de carga hor\u00e1ria. Por\u00e9m, se for conclu\u00eddo antes de 5 [&hellip;]<\/p>\n","protected":false},"featured_media":0,"comment_status":"open","ping_status":"closed","template":"","meta":[],"product_brand":[],"product_cat":[235],"product_tag":[],"class_list":{"0":"post-17003","1":"product","2":"type-product","3":"status-publish","5":"product_cat-publicidade-e-marketing","6":"post","8":"first","9":"instock","10":"virtual","11":"sold-individually","12":"product-type-simple"},"_links":{"self":[{"href":"https:\/\/treina.online\/index.php?rest_route=\/wp\/v2\/product\/17003","targetHints":{"allow":["GET"]}}],"collection":[{"href":"https:\/\/treina.online\/index.php?rest_route=\/wp\/v2\/product"}],"about":[{"href":"https:\/\/treina.online\/index.php?rest_route=\/wp\/v2\/types\/product"}],"replies":[{"embeddable":true,"href":"https:\/\/treina.online\/index.php?rest_route=%2Fwp%2Fv2%2Fcomments&post=17003"}],"version-history":[{"count":0,"href":"https:\/\/treina.online\/index.php?rest_route=\/wp\/v2\/product\/17003\/revisions"}],"wp:attachment":[{"href":"https:\/\/treina.online\/index.php?rest_route=%2Fwp%2Fv2%2Fmedia&parent=17003"}],"wp:term":[{"taxonomy":"product_brand","embeddable":true,"href":"https:\/\/treina.online\/index.php?rest_route=%2Fwp%2Fv2%2Fproduct_brand&post=17003"},{"taxonomy":"product_cat","embeddable":true,"href":"https:\/\/treina.online\/index.php?rest_route=%2Fwp%2Fv2%2Fproduct_cat&post=17003"},{"taxonomy":"product_tag","embeddable":true,"href":"https:\/\/treina.online\/index.php?rest_route=%2Fwp%2Fv2%2Fproduct_tag&post=17003"}],"curies":[{"name":"wp","href":"https:\/\/api.w.org\/{rel}","templated":true}]}}