{"id":17001,"date":"2021-01-24T18:05:40","date_gmt":"2021-01-24T20:05:40","guid":{"rendered":"http:\/\/ecursos.treinaonline.com\/produto\/curso-de-iniciacao-musical-introducao\/"},"modified":"2021-01-24T18:05:40","modified_gmt":"2021-01-24T20:05:40","slug":"curso-de-iniciacao-musical-introducao","status":"publish","type":"product","link":"https:\/\/treina.online\/?product=curso-de-iniciacao-musical-introducao","title":{"rendered":"Curso de Inicia\u00e7\u00e3o Musical: Introdu\u00e7\u00e3o"},"content":{"rendered":"<p>Voc\u00ea aprende O que \u00e9 m\u00fasica?, Para que serve a m\u00fasica?, Demonstra\u00e7\u00f5es, Altura e intensidade, Dura\u00e7\u00e3o, Din\u00e2mica , Demonstra\u00e7\u00e3o, Ritmo , Melodia, Harmonia e Demonstra\u00e7\u00e3o.<\/p>\n<p>Sobre a carga hor\u00e1ria:<br \/>\nO curso possui 10 horas de carga hor\u00e1ria.<\/p>\n","protected":false},"excerpt":{"rendered":"<p>Voc\u00ea aprende O que \u00e9 m\u00fasica?, Para que serve a m\u00fasica?, Demonstra\u00e7\u00f5es, Altura e intensidade, Dura\u00e7\u00e3o, Din\u00e2mica , Demonstra\u00e7\u00e3o, Ritmo , Melodia, Harmonia e Demonstra\u00e7\u00e3o. Sobre a carga hor\u00e1ria: O curso possui 10 horas de carga hor\u00e1ria.<\/p>\n","protected":false},"featured_media":0,"comment_status":"open","ping_status":"closed","template":"","meta":[],"product_brand":[],"product_cat":[230],"product_tag":[],"class_list":{"0":"post-17001","1":"product","2":"type-product","3":"status-publish","5":"product_cat-musica-e-instrumentos","6":"post","8":"first","9":"instock","10":"virtual","11":"sold-individually","12":"product-type-simple"},"_links":{"self":[{"href":"https:\/\/treina.online\/index.php?rest_route=\/wp\/v2\/product\/17001","targetHints":{"allow":["GET"]}}],"collection":[{"href":"https:\/\/treina.online\/index.php?rest_route=\/wp\/v2\/product"}],"about":[{"href":"https:\/\/treina.online\/index.php?rest_route=\/wp\/v2\/types\/product"}],"replies":[{"embeddable":true,"href":"https:\/\/treina.online\/index.php?rest_route=%2Fwp%2Fv2%2Fcomments&post=17001"}],"version-history":[{"count":0,"href":"https:\/\/treina.online\/index.php?rest_route=\/wp\/v2\/product\/17001\/revisions"}],"wp:attachment":[{"href":"https:\/\/treina.online\/index.php?rest_route=%2Fwp%2Fv2%2Fmedia&parent=17001"}],"wp:term":[{"taxonomy":"product_brand","embeddable":true,"href":"https:\/\/treina.online\/index.php?rest_route=%2Fwp%2Fv2%2Fproduct_brand&post=17001"},{"taxonomy":"product_cat","embeddable":true,"href":"https:\/\/treina.online\/index.php?rest_route=%2Fwp%2Fv2%2Fproduct_cat&post=17001"},{"taxonomy":"product_tag","embeddable":true,"href":"https:\/\/treina.online\/index.php?rest_route=%2Fwp%2Fv2%2Fproduct_tag&post=17001"}],"curies":[{"name":"wp","href":"https:\/\/api.w.org\/{rel}","templated":true}]}}