{"id":16988,"date":"2021-01-24T18:05:25","date_gmt":"2021-01-24T20:05:25","guid":{"rendered":"http:\/\/ecursos.treinaonline.com\/produto\/curso-de-indesign-cs5-5\/"},"modified":"2021-01-24T18:05:25","modified_gmt":"2021-01-24T20:05:25","slug":"curso-de-indesign-cs5-5","status":"publish","type":"product","link":"https:\/\/treina.online\/?product=curso-de-indesign-cs5-5","title":{"rendered":"Curso de Indesign CS5.5"},"content":{"rendered":"<p>Apresenta todas as ferramentas e t\u00e9cnicas para a diagrama\u00e7\u00e3o dos mais diversos tipos de textos e publica\u00e7\u00f5es que podem ser feitas com o Indesign CS5.5. O Indesign \u00e9 um software desenvolvido exatamente para esse tipo de fun\u00e7\u00e3o. Nele \u00e9 poss\u00edvel criar, diagramar, visualizar e editar materiais como: revistas, jornais, an\u00fancios, embalagens e muito mais. Aqui voc\u00ea vai entender todas as fun\u00e7\u00f5es desse software, desde as ferramentas b\u00e1sicas como as caixas de texto, a caneta, o l\u00e1pis, o criador de ret\u00e2ngulos e pol\u00edgonos, a tesoura e o gradiente, at\u00e9 o alinhamento, os efeitos de texto, a tabula\u00e7\u00e3o e o trabalho com cores. Al\u00e9m de tudo isso voc\u00ea vai entender como o Indesign permite o compartilhamento de trabalho, as tend\u00eancias de desenho e formata\u00e7\u00e3o para impress\u00e3o, e ainda aprendera a criar publica\u00e7\u00f5es interativas especiais para meios eletr\u00f4nicos.<\/p>\n<p>Sobre a carga hor\u00e1ria:<br \/>\nO curso possui 80 horas de carga hor\u00e1ria. Por\u00e9m, se for conclu\u00eddo antes de 5 dias, passa a ter 10 horas de carga hor\u00e1ria. Conforme nosso contrato e termos de uso.<\/p>\n","protected":false},"excerpt":{"rendered":"<p>Apresenta todas as ferramentas e t\u00e9cnicas para a diagrama\u00e7\u00e3o dos mais diversos tipos de textos e publica\u00e7\u00f5es que podem ser feitas com o Indesign CS5.5. O Indesign \u00e9 um software desenvolvido exatamente para esse tipo de fun\u00e7\u00e3o. Nele \u00e9 poss\u00edvel criar, diagramar, visualizar e editar materiais como: revistas, jornais, an\u00fancios, embalagens e muito mais. Aqui voc\u00ea vai entender todas as [&hellip;]<\/p>\n","protected":false},"featured_media":0,"comment_status":"open","ping_status":"closed","template":"","meta":[],"product_brand":[],"product_cat":[201],"product_tag":[],"class_list":{"0":"post-16988","1":"product","2":"type-product","3":"status-publish","5":"product_cat-animacoes-e-design","6":"post","8":"first","9":"instock","10":"virtual","11":"sold-individually","12":"product-type-simple"},"_links":{"self":[{"href":"https:\/\/treina.online\/index.php?rest_route=\/wp\/v2\/product\/16988","targetHints":{"allow":["GET"]}}],"collection":[{"href":"https:\/\/treina.online\/index.php?rest_route=\/wp\/v2\/product"}],"about":[{"href":"https:\/\/treina.online\/index.php?rest_route=\/wp\/v2\/types\/product"}],"replies":[{"embeddable":true,"href":"https:\/\/treina.online\/index.php?rest_route=%2Fwp%2Fv2%2Fcomments&post=16988"}],"version-history":[{"count":0,"href":"https:\/\/treina.online\/index.php?rest_route=\/wp\/v2\/product\/16988\/revisions"}],"wp:attachment":[{"href":"https:\/\/treina.online\/index.php?rest_route=%2Fwp%2Fv2%2Fmedia&parent=16988"}],"wp:term":[{"taxonomy":"product_brand","embeddable":true,"href":"https:\/\/treina.online\/index.php?rest_route=%2Fwp%2Fv2%2Fproduct_brand&post=16988"},{"taxonomy":"product_cat","embeddable":true,"href":"https:\/\/treina.online\/index.php?rest_route=%2Fwp%2Fv2%2Fproduct_cat&post=16988"},{"taxonomy":"product_tag","embeddable":true,"href":"https:\/\/treina.online\/index.php?rest_route=%2Fwp%2Fv2%2Fproduct_tag&post=16988"}],"curies":[{"name":"wp","href":"https:\/\/api.w.org\/{rel}","templated":true}]}}