{"id":16985,"date":"2021-01-24T18:05:23","date_gmt":"2021-01-24T20:05:23","guid":{"rendered":"http:\/\/ecursos.treinaonline.com\/produto\/curso-de-illustrator-cs6\/"},"modified":"2021-01-24T18:05:23","modified_gmt":"2021-01-24T20:05:23","slug":"curso-de-illustrator-cs6","status":"publish","type":"product","link":"https:\/\/treina.online\/?product=curso-de-illustrator-cs6","title":{"rendered":"Curso de Illustrator CS6"},"content":{"rendered":"<p>Apresenta sobre a cria\u00e7\u00e3o, composi\u00e7\u00e3o, diagrama\u00e7\u00e3o e edi\u00e7\u00e3o de ilustra\u00e7\u00f5es vetoriais. Nele, voc\u00ea ver\u00e1 desde a vis\u00e3o geral do workspace do Illustrator at\u00e9 como salvar seus projetos para a exibi\u00e7\u00e3o na web. Voc\u00ea vai conhecer uma s\u00e9rie de ferramentas e fun\u00e7\u00f5es que o software disponibiliza, como por exemplo, a cria\u00e7\u00e3o de formas e objetos vetoriais, o trabalho com cores, a tipografia, efeitos e at\u00e9 mesmo os objetos em 3D.<\/p>\n<p>Sobre a carga hor\u00e1ria:<br \/>\nO curso possui 80 horas de carga hor\u00e1ria. Por\u00e9m, se for conclu\u00eddo antes de 5 dias, passa a ter 10 horas de carga hor\u00e1ria. Conforme nosso contrato e termos de uso.<\/p>\n","protected":false},"excerpt":{"rendered":"<p>Apresenta sobre a cria\u00e7\u00e3o, composi\u00e7\u00e3o, diagrama\u00e7\u00e3o e edi\u00e7\u00e3o de ilustra\u00e7\u00f5es vetoriais. Nele, voc\u00ea ver\u00e1 desde a vis\u00e3o geral do workspace do Illustrator at\u00e9 como salvar seus projetos para a exibi\u00e7\u00e3o na web. Voc\u00ea vai conhecer uma s\u00e9rie de ferramentas e fun\u00e7\u00f5es que o software disponibiliza, como por exemplo, a cria\u00e7\u00e3o de formas e objetos vetoriais, o trabalho com cores, a [&hellip;]<\/p>\n","protected":false},"featured_media":0,"comment_status":"open","ping_status":"closed","template":"","meta":[],"product_brand":[],"product_cat":[201],"product_tag":[],"class_list":{"0":"post-16985","1":"product","2":"type-product","3":"status-publish","5":"product_cat-animacoes-e-design","6":"post","8":"first","9":"instock","10":"virtual","11":"sold-individually","12":"product-type-simple"},"_links":{"self":[{"href":"https:\/\/treina.online\/index.php?rest_route=\/wp\/v2\/product\/16985","targetHints":{"allow":["GET"]}}],"collection":[{"href":"https:\/\/treina.online\/index.php?rest_route=\/wp\/v2\/product"}],"about":[{"href":"https:\/\/treina.online\/index.php?rest_route=\/wp\/v2\/types\/product"}],"replies":[{"embeddable":true,"href":"https:\/\/treina.online\/index.php?rest_route=%2Fwp%2Fv2%2Fcomments&post=16985"}],"version-history":[{"count":0,"href":"https:\/\/treina.online\/index.php?rest_route=\/wp\/v2\/product\/16985\/revisions"}],"wp:attachment":[{"href":"https:\/\/treina.online\/index.php?rest_route=%2Fwp%2Fv2%2Fmedia&parent=16985"}],"wp:term":[{"taxonomy":"product_brand","embeddable":true,"href":"https:\/\/treina.online\/index.php?rest_route=%2Fwp%2Fv2%2Fproduct_brand&post=16985"},{"taxonomy":"product_cat","embeddable":true,"href":"https:\/\/treina.online\/index.php?rest_route=%2Fwp%2Fv2%2Fproduct_cat&post=16985"},{"taxonomy":"product_tag","embeddable":true,"href":"https:\/\/treina.online\/index.php?rest_route=%2Fwp%2Fv2%2Fproduct_tag&post=16985"}],"curies":[{"name":"wp","href":"https:\/\/api.w.org\/{rel}","templated":true}]}}