{"id":16983,"date":"2021-01-24T18:05:22","date_gmt":"2021-01-24T20:05:22","guid":{"rendered":"http:\/\/ecursos.treinaonline.com\/produto\/curso-de-identidade-visual\/"},"modified":"2021-01-24T18:05:22","modified_gmt":"2021-01-24T20:05:22","slug":"curso-de-identidade-visual","status":"publish","type":"product","link":"https:\/\/treina.online\/?product=curso-de-identidade-visual","title":{"rendered":"Curso de Identidade Visual"},"content":{"rendered":"<p>Aborda todos os pontos mais importantes para o desenvolvimento de uma identidade visual objetiva e focada num posicionamento correto e de destaque no mercado. E neste curso voc\u00ea vai ver a maneira correta de elaborar uma identidade visual de qualidade para atingir esse objeto. Entender\u00e1 desde os pontos mais b\u00e1sicos como a import\u00e2ncia da logo, a preocupa\u00e7\u00e3o com a escolha de cores e fontes, at\u00e9 a montagem completa de todas as partes de um manual de identidade visual completo, como por exemplo, a cria\u00e7\u00e3o de uma logo e uma assinatura de qualidade, a formata\u00e7\u00e3o de cart\u00f5es de visita, pap\u00e9is timbrados, fachadas e plotanges, crach\u00e1s, uniformes e muito mais!.<\/p>\n<p>Sobre a carga hor\u00e1ria:<br \/>\nO curso possui 80 horas de carga hor\u00e1ria. Por\u00e9m, se for conclu\u00eddo antes de 5 dias, passa a ter 10 horas de carga hor\u00e1ria. Conforme nosso contrato e termos de uso.<\/p>\n","protected":false},"excerpt":{"rendered":"<p>Aborda todos os pontos mais importantes para o desenvolvimento de uma identidade visual objetiva e focada num posicionamento correto e de destaque no mercado. E neste curso voc\u00ea vai ver a maneira correta de elaborar uma identidade visual de qualidade para atingir esse objeto. Entender\u00e1 desde os pontos mais b\u00e1sicos como a import\u00e2ncia da logo, a preocupa\u00e7\u00e3o com a escolha [&hellip;]<\/p>\n","protected":false},"featured_media":0,"comment_status":"open","ping_status":"closed","template":"","meta":[],"product_brand":[],"product_cat":[201],"product_tag":[],"class_list":{"0":"post-16983","1":"product","2":"type-product","3":"status-publish","5":"product_cat-animacoes-e-design","6":"post","8":"first","9":"instock","10":"virtual","11":"sold-individually","12":"product-type-simple"},"_links":{"self":[{"href":"https:\/\/treina.online\/index.php?rest_route=\/wp\/v2\/product\/16983","targetHints":{"allow":["GET"]}}],"collection":[{"href":"https:\/\/treina.online\/index.php?rest_route=\/wp\/v2\/product"}],"about":[{"href":"https:\/\/treina.online\/index.php?rest_route=\/wp\/v2\/types\/product"}],"replies":[{"embeddable":true,"href":"https:\/\/treina.online\/index.php?rest_route=%2Fwp%2Fv2%2Fcomments&post=16983"}],"version-history":[{"count":0,"href":"https:\/\/treina.online\/index.php?rest_route=\/wp\/v2\/product\/16983\/revisions"}],"wp:attachment":[{"href":"https:\/\/treina.online\/index.php?rest_route=%2Fwp%2Fv2%2Fmedia&parent=16983"}],"wp:term":[{"taxonomy":"product_brand","embeddable":true,"href":"https:\/\/treina.online\/index.php?rest_route=%2Fwp%2Fv2%2Fproduct_brand&post=16983"},{"taxonomy":"product_cat","embeddable":true,"href":"https:\/\/treina.online\/index.php?rest_route=%2Fwp%2Fv2%2Fproduct_cat&post=16983"},{"taxonomy":"product_tag","embeddable":true,"href":"https:\/\/treina.online\/index.php?rest_route=%2Fwp%2Fv2%2Fproduct_tag&post=16983"}],"curies":[{"name":"wp","href":"https:\/\/api.w.org\/{rel}","templated":true}]}}