{"id":16977,"date":"2021-01-24T18:05:11","date_gmt":"2021-01-24T20:05:11","guid":{"rendered":"http:\/\/ecursos.treinaonline.com\/produto\/curso-de-historia-infantil-a-producao-do-acucar\/"},"modified":"2021-01-24T18:05:11","modified_gmt":"2021-01-24T20:05:11","slug":"curso-de-historia-infantil-a-producao-do-acucar","status":"publish","type":"product","link":"https:\/\/treina.online\/?product=curso-de-historia-infantil-a-producao-do-acucar","title":{"rendered":"Curso de Hist\u00f3ria Infantil: A Produ\u00e7\u00e3o do A\u00e7\u00facar"},"content":{"rendered":"<p>Ensina O a\u00e7\u00facar foi trazido pelos Portugueses e Parte 4.<\/p>\n<p>Sobre a carga hor\u00e1ria:<br \/>\nO curso possui 10 horas de carga hor\u00e1ria.<\/p>\n","protected":false},"excerpt":{"rendered":"<p>Ensina O a\u00e7\u00facar foi trazido pelos Portugueses e Parte 4. Sobre a carga hor\u00e1ria: O curso possui 10 horas de carga hor\u00e1ria.<\/p>\n","protected":false},"featured_media":0,"comment_status":"open","ping_status":"closed","template":"","meta":[],"product_brand":[],"product_cat":[157],"product_tag":[],"class_list":{"0":"post-16977","1":"product","2":"type-product","3":"status-publish","5":"product_cat-sem-categoria","6":"post","8":"first","9":"instock","10":"virtual","11":"sold-individually","12":"product-type-simple"},"_links":{"self":[{"href":"https:\/\/treina.online\/index.php?rest_route=\/wp\/v2\/product\/16977","targetHints":{"allow":["GET"]}}],"collection":[{"href":"https:\/\/treina.online\/index.php?rest_route=\/wp\/v2\/product"}],"about":[{"href":"https:\/\/treina.online\/index.php?rest_route=\/wp\/v2\/types\/product"}],"replies":[{"embeddable":true,"href":"https:\/\/treina.online\/index.php?rest_route=%2Fwp%2Fv2%2Fcomments&post=16977"}],"version-history":[{"count":0,"href":"https:\/\/treina.online\/index.php?rest_route=\/wp\/v2\/product\/16977\/revisions"}],"wp:attachment":[{"href":"https:\/\/treina.online\/index.php?rest_route=%2Fwp%2Fv2%2Fmedia&parent=16977"}],"wp:term":[{"taxonomy":"product_brand","embeddable":true,"href":"https:\/\/treina.online\/index.php?rest_route=%2Fwp%2Fv2%2Fproduct_brand&post=16977"},{"taxonomy":"product_cat","embeddable":true,"href":"https:\/\/treina.online\/index.php?rest_route=%2Fwp%2Fv2%2Fproduct_cat&post=16977"},{"taxonomy":"product_tag","embeddable":true,"href":"https:\/\/treina.online\/index.php?rest_route=%2Fwp%2Fv2%2Fproduct_tag&post=16977"}],"curies":[{"name":"wp","href":"https:\/\/api.w.org\/{rel}","templated":true}]}}