{"id":16976,"date":"2021-01-24T18:05:10","date_gmt":"2021-01-24T20:05:10","guid":{"rendered":"http:\/\/ecursos.treinaonline.com\/produto\/curso-de-historia-infantil-modulo-ii\/"},"modified":"2021-01-24T18:05:10","modified_gmt":"2021-01-24T20:05:10","slug":"curso-de-historia-infantil-modulo-ii","status":"publish","type":"product","link":"https:\/\/treina.online\/?product=curso-de-historia-infantil-modulo-ii","title":{"rendered":"Curso de Hist\u00f3ria Infantil &#8211; M\u00f3dulo II"},"content":{"rendered":"<p>Aborda conte\u00fados detalhados sobre o caf\u00e9 no Brasil, o ouro no Brasil, os engenhos, explora\u00e7\u00e3o da Am\u00e9rica portuguesa, Conjura\u00e7\u00e3o Mineira, entre outros. Cont\u00e9m exerc\u00edcios para avaliar o desempenho e o aprendizado do aluno.<\/p>\n<p>Sobre a carga hor\u00e1ria:<br \/>\nO curso possui 40 horas de carga hor\u00e1ria. Por\u00e9m, se for conclu\u00eddo antes de 5 dias, passa a ter 10 horas de carga hor\u00e1ria. Conforme nosso contrato e termos de uso.<\/p>\n","protected":false},"excerpt":{"rendered":"<p>Aborda conte\u00fados detalhados sobre o caf\u00e9 no Brasil, o ouro no Brasil, os engenhos, explora\u00e7\u00e3o da Am\u00e9rica portuguesa, Conjura\u00e7\u00e3o Mineira, entre outros. Cont\u00e9m exerc\u00edcios para avaliar o desempenho e o aprendizado do aluno. Sobre a carga hor\u00e1ria: O curso possui 40 horas de carga hor\u00e1ria. Por\u00e9m, se for conclu\u00eddo antes de 5 dias, passa a ter 10 horas de carga [&hellip;]<\/p>\n","protected":false},"featured_media":0,"comment_status":"open","ping_status":"closed","template":"","meta":[],"product_brand":[],"product_cat":[157],"product_tag":[],"class_list":{"0":"post-16976","1":"product","2":"type-product","3":"status-publish","5":"product_cat-sem-categoria","6":"post","8":"first","9":"instock","10":"virtual","11":"sold-individually","12":"product-type-simple"},"_links":{"self":[{"href":"https:\/\/treina.online\/index.php?rest_route=\/wp\/v2\/product\/16976","targetHints":{"allow":["GET"]}}],"collection":[{"href":"https:\/\/treina.online\/index.php?rest_route=\/wp\/v2\/product"}],"about":[{"href":"https:\/\/treina.online\/index.php?rest_route=\/wp\/v2\/types\/product"}],"replies":[{"embeddable":true,"href":"https:\/\/treina.online\/index.php?rest_route=%2Fwp%2Fv2%2Fcomments&post=16976"}],"version-history":[{"count":0,"href":"https:\/\/treina.online\/index.php?rest_route=\/wp\/v2\/product\/16976\/revisions"}],"wp:attachment":[{"href":"https:\/\/treina.online\/index.php?rest_route=%2Fwp%2Fv2%2Fmedia&parent=16976"}],"wp:term":[{"taxonomy":"product_brand","embeddable":true,"href":"https:\/\/treina.online\/index.php?rest_route=%2Fwp%2Fv2%2Fproduct_brand&post=16976"},{"taxonomy":"product_cat","embeddable":true,"href":"https:\/\/treina.online\/index.php?rest_route=%2Fwp%2Fv2%2Fproduct_cat&post=16976"},{"taxonomy":"product_tag","embeddable":true,"href":"https:\/\/treina.online\/index.php?rest_route=%2Fwp%2Fv2%2Fproduct_tag&post=16976"}],"curies":[{"name":"wp","href":"https:\/\/api.w.org\/{rel}","templated":true}]}}